{"id":34077,"date":"2023-04-14T12:09:58","date_gmt":"2023-04-14T10:09:58","guid":{"rendered":"https:\/\/ing.uwr.edu.pl\/secrets-of-the-earth-and-the-universe\/"},"modified":"2023-09-22T11:47:54","modified_gmt":"2023-09-22T09:47:54","slug":"secrets-of-the-earth-and-the-universe","status":"publish","type":"page","link":"https:\/\/ing.uwr.edu.pl\/en\/secrets-of-the-earth-and-the-universe\/","title":{"rendered":"Secrets of the Earth and the Universe"},"content":{"rendered":"\n<div class=\"wp-block-ugb-container ugb-container blok_nowa_podstrona ugb-8dda971 ugb-container--v2 ugb-container--design-plain ugb-main-block\"><div class=\"ugb-inner-block\"><div class=\"ugb-block-content\"><div class=\"ugb-container__wrapper ugb-8dda971-wrapper\"><div class=\"ugb-container__side\"><div class=\"ugb-container__content-wrapper ugb-8dda971-content-wrapper\">\n<div class=\"wp-block-columns bs-news-page is-layout-flex wp-block-columns-is-layout-flex\">\n<div class=\"wp-block-column bs-kontakt-photo is-layout-flow wp-block-column-is-layout-flow\">\n<figure class=\"wp-block-image size-large\"><img loading=\"lazy\" decoding=\"async\" width=\"1024\" height=\"683\" src=\"https:\/\/ing.uwr.edu.pl\/wp-content\/uploads\/sites\/64\/2023\/04\/DSC06934-1024x683.jpg\" alt=\"TZiW\" class=\"wp-image-29667\" srcset=\"https:\/\/ing.uwr.edu.pl\/wp-content\/uploads\/sites\/64\/2023\/04\/DSC06934-1024x683.jpg 1024w, https:\/\/ing.uwr.edu.pl\/wp-content\/uploads\/sites\/64\/2023\/04\/DSC06934-300x200.jpg 300w, https:\/\/ing.uwr.edu.pl\/wp-content\/uploads\/sites\/64\/2023\/04\/DSC06934-768x512.jpg 768w, https:\/\/ing.uwr.edu.pl\/wp-content\/uploads\/sites\/64\/2023\/04\/DSC06934-1536x1025.jpg 1536w, https:\/\/ing.uwr.edu.pl\/wp-content\/uploads\/sites\/64\/2023\/04\/DSC06934-2048x1366.jpg 2048w, https:\/\/ing.uwr.edu.pl\/wp-content\/uploads\/sites\/64\/2023\/04\/DSC06934-1320x880.jpg 1320w, https:\/\/ing.uwr.edu.pl\/wp-content\/uploads\/sites\/64\/2023\/04\/DSC06934-24x16.jpg 24w, https:\/\/ing.uwr.edu.pl\/wp-content\/uploads\/sites\/64\/2023\/04\/DSC06934-36x24.jpg 36w, https:\/\/ing.uwr.edu.pl\/wp-content\/uploads\/sites\/64\/2023\/04\/DSC06934-48x32.jpg 48w, https:\/\/ing.uwr.edu.pl\/wp-content\/uploads\/sites\/64\/2023\/04\/DSC06934.jpg 1600w\" sizes=\"auto, (max-width: 1024px) 100vw, 1024px\" \/><\/figure>\n<\/div>\n\n\n\n<div class=\"wp-block-column bs-contact-right-column is-layout-flow wp-block-column-is-layout-flow\">\n<hr class=\"wp-block-separator has-text-color has-black-color has-css-opacity has-black-background-color has-background is-style-wide bs-border-kontakt\"\/>\n\n\n<h1 style=\"font-style:normal;font-weight:700;\" class=\"bs-naglowek-podstrony wp-block-post-title\">Secrets of the Earth and the Universe<\/h1>\n\n\n<p class=\"has-text-align-center\">The Institute of Geological Sciences at the University of Wroc\u0142aw cordially invites you to the<strong> XXII series of multimedia lectures<\/strong> intended for students<br> of the final grades of elementary school and high school and those interested in the natural sciences, titled..:<\/p>\n\n\n\n<p class=\"has-text-align-center\"><strong><em>&#8220;Secrets of the Earth and the Universe&#8221;<\/em><\/strong><\/p>\n\n\n\n<p class=\"has-text-align-center\">All lectures will be held at the Institute of Geological Sciences,<br>Pl. M. Borna 9 in room 503 (5th floor) at 10:00 &#8211; 11:00, and live coverage will be available on the website.<\/p>\n\n\n\n<p class=\"has-text-align-center\"><strong>Free admission! You are cordially invited!!!<\/strong><\/p>\n\n\n\n<figure class=\"wp-block-image aligncenter size-large is-resized\"><img loading=\"lazy\" decoding=\"async\" src=\"https:\/\/ing.uwr.edu.pl\/wp-content\/uploads\/sites\/64\/\/2022\/06\/Group-609-1-3.svg\" alt=\"Down arrow\" class=\"wp-image-22621\" width=\"151\" height=\"151\"\/><\/figure>\n<\/div>\n<\/div>\n\n\n\n<div class=\"wp-block-ugb-container ugb-container bs-news-page-under ugb-f8694ce ugb-container--v2 ugb-container--design-plain ugb-main-block\"><div class=\"ugb-inner-block\"><div class=\"ugb-block-content\"><div class=\"ugb-container__wrapper ugb-f8694ce-wrapper\"><div class=\"ugb-container__side\"><div class=\"ugb-container__content-wrapper ugb-f8694ce-content-wrapper\">\n<p>Please report larger groups of students with at least a week&#8217;s notice (phone: 71-37-59-205 or magdalena.matusiak-malek\/at\/uwr.edu.pl).<\/p>\n\n\n\n<p>All previous lectures from 2002-2022 can be ordered to schools (contact &#8211; K. Moskwa, MSc. &#8211; tel. 071-375-94-37).<\/p>\n\n\n<div class=\"wp-block-bonasoft-modular-file-list2\">\r\n    <div class=\"bs__file-list\">\r\n        <div class=\"bs__file-list__section\">\r\n            <ul class=\"bs__file-list__list\">\r\n                                    <li>\r\n                    <a href=\"https:\/\/ing.uwr.edu.pl\/wp-content\/uploads\/sites\/64\/2023\/04\/lib-wyklady-dotychczasowe_2002-2022.pdf\" title=\"Download file:  List of lectures delivered so far. File type pdf. File size 185 KB\" download>\r\n                            <div class=\"bs__file-list__subsection\">\r\n                                <span class=\"bs__file-list__title\"><\/span>\r\n                                <span class=\"bs__file-list__text\">List of lectures delivered so far<\/span>\r\n                                                                    <span class=\"bs__file-list__size\">\r\n                                        <span>pdf<\/span>\r\n                                        <span>185 KB  <\/span>\r\n                                    <\/span>\r\n                                                            <\/div>\r\n                            <div class=\"bs__links__icon\">\r\n                                <svg width=\"40px\" height=\"40px\" viewBox=\"0 0 22 16\" version=\"1.1\">\r\n                                    <g stroke=\"none\" strokeWidth=\"1\" fill=\"white\" fillRule=\"evenodd\">\r\n                                        <g>\r\n                                            <polygon points=\"13.4875 0 12 1.6215 18.7875 8 12 14.3795 13.4875 16 21.9995 8\" \/>\r\n                                        <\/g>\r\n                                    <\/g>\r\n                                <\/svg>\r\n                            <\/div>\r\n                        <\/a>\r\n                    <\/li>\r\n                            <\/ul>\r\n        <\/div>\r\n    <\/div>\r\n<\/div>\r\n\n\n\n<h3 class=\"wp-block-heading\"><strong>List of lectures for the 2022\/2023 academic year:<\/strong><\/h3>\n\n\n\n<p><strong>28.10.20223<\/strong><em> Dr. Dawid Bia\u0142ek<\/em><br>\u201dHow to recognize rocks and minerals\u201d<\/p>\n\n\n\n<p><strong>18.11.2023<\/strong><em> Dr. El\u017cbieta S\u0142odczyk<\/em><br>\u201dGeology of Minecraft\u201d<\/p>\n\n\n\n<p><strong>16.12.2023<\/strong><em> Dr. Robert Nied\u017awiedzki<\/em><br>\u201dAmber and famous amber works of art\u201d<\/p>\n\n\n\n<p><strong>24.02.2024<\/strong><em> Dr. hab Anna Potysz, Prof. UWr.<\/em><br>\u201dWaste or raw material? The role of circularity in waste management\u201d<\/p>\n\n\n\n<p><strong>23.03.2024<\/strong><em> Micha\u0142 Krajewski, Studenckie Ko\u0142o Naukowe Geolog\u00f3w<\/em><br>\u201dGeologist on the roof &#8211; searching for micrometeorites\u201d<\/p>\n\n\n\n<p><strong>20.04.2024<\/strong><em> Dr. Szymon Belzyt<\/em><br>\u201dPpali-ppali&#8217;, an express geological tour of South Korea\u201d<\/p>\n\n\n\n<p><strong>11.05.2024<\/strong><em> MA Ma\u0142gorzata Nowak, Dr. El\u017cbieta S\u0142odczyk<\/em><br>\u201dA rock that can be formed in the sea &#8211; a geologist&#8217;s virtual dive into space-time\u201d<\/p>\n<\/div><\/div><\/div><\/div><\/div><\/div>\n<\/div><\/div><\/div><\/div><\/div><\/div>\n","protected":false},"excerpt":{"rendered":"<p>The Institute of Geological Sciences at the University of Wroc\u0142aw cordially invites you to the XXII series of multimedia lectures [&hellip;]<\/p>\n","protected":false},"author":304,"featured_media":0,"parent":0,"menu_order":0,"comment_status":"closed","ping_status":"closed","template":"","meta":{"_acf_changed":false,"inline_featured_image":false,"site-sidebar-layout":"default","site-content-layout":"","ast-site-content-layout":"default","site-content-style":"default","site-sidebar-style":"default","ast-global-header-display":"","ast-banner-title-visibility":"","ast-main-header-display":"","ast-hfb-above-header-display":"","ast-hfb-below-header-display":"","ast-hfb-mobile-header-display":"","site-post-title":"","ast-breadcrumbs-content":"","ast-featured-img":"","footer-sml-layout":"","ast-disable-related-posts":"","theme-transparent-header-meta":"","adv-header-id-meta":"","stick-header-meta":"","header-above-stick-meta":"","header-main-stick-meta":"","header-below-stick-meta":"","astra-migrate-meta-layouts":"default","ast-page-background-enabled":"default","ast-page-background-meta":{"desktop":{"background-color":"var(--ast-global-color-5)","background-image":"","background-repeat":"repeat","background-position":"center center","background-size":"auto","background-attachment":"scroll","background-type":"","background-media":"","overlay-type":"","overlay-color":"","overlay-opacity":"","overlay-gradient":""},"tablet":{"background-color":"","background-image":"","background-repeat":"repeat","background-position":"center center","background-size":"auto","background-attachment":"scroll","background-type":"","background-media":"","overlay-type":"","overlay-color":"","overlay-opacity":"","overlay-gradient":""},"mobile":{"background-color":"","background-image":"","background-repeat":"repeat","background-position":"center center","background-size":"auto","background-attachment":"scroll","background-type":"","background-media":"","overlay-type":"","overlay-color":"","overlay-opacity":"","overlay-gradient":""}},"ast-content-background-meta":{"desktop":{"background-color":"var(--ast-global-color-4)","background-image":"","background-repeat":"repeat","background-position":"center center","background-size":"auto","background-attachment":"scroll","background-type":"","background-media":"","overlay-type":"","overlay-color":"","overlay-opacity":"","overlay-gradient":""},"tablet":{"background-color":"var(--ast-global-color-4)","background-image":"","background-repeat":"repeat","background-position":"center center","background-size":"auto","background-attachment":"scroll","background-type":"","background-media":"","overlay-type":"","overlay-color":"","overlay-opacity":"","overlay-gradient":""},"mobile":{"background-color":"var(--ast-global-color-4)","background-image":"","background-repeat":"repeat","background-position":"center center","background-size":"auto","background-attachment":"scroll","background-type":"","background-media":"","overlay-type":"","overlay-color":"","overlay-opacity":"","overlay-gradient":""}},"footnotes":""},"categories":[],"tags":[],"class_list":["post-34077","page","type-page","status-publish","hentry"],"featured_image_urls_v2":{"full":"","thumbnail":"","medium":"","medium_large":"","large":"","1536x1536":"","2048x2048":"","menu-24x24":"","menu-36x36":"","menu-48x48":""},"post_excerpt_stackable_v2":"<p>Secrets of the Earth and the Universe The Institute of Geological Sciences at the University of Wroc\u0142aw cordially invites you to the XXII series of multimedia lectures intended for students of the final grades of elementary school and high school and those interested in the natural sciences, titled..: &#8220;Secrets of the Earth and the Universe&#8221; All lectures will be held at the Institute of Geological Sciences,Pl. M. Borna 9 in room 503 (5th floor) at 10:00 &#8211; 11:00, and live coverage will be available on the website. Free admission! You are cordially invited!!! Please report larger groups of students with&hellip;<\/p>\n","category_list_v2":"Uncategorized","author_info_v2":{"name":"klis","url":"https:\/\/ing.uwr.edu.pl\/en\/author\/klis\/"},"comments_num_v2":"0 comments","acf":[],"yoast_head":"<!-- This site is optimized with the Yoast SEO plugin v27.1.1 - https:\/\/yoast.com\/product\/yoast-seo-wordpress\/ -->\n<title>Secrets of the Earth and the Universe - Instytut Nauk Geologicznych<\/title>\n<meta name=\"description\" content=\"The Institute of Geological Sciences at the University of Wroc\u0142aw cordially invites you to the series of multimedia lectures intended for students of the final grades of elementary school and high school and those interested in the natural sciences\" \/>\n<meta name=\"robots\" content=\"index, follow, max-snippet:-1, max-image-preview:large, max-video-preview:-1\" \/>\n<link rel=\"canonical\" href=\"https:\/\/ing.uwr.edu.pl\/en\/secrets-of-the-earth-and-the-universe\/\" \/>\n<meta property=\"og:locale\" content=\"en_US\" \/>\n<meta property=\"og:type\" content=\"article\" \/>\n<meta property=\"og:title\" content=\"Secrets of the Earth and the Universe - Instytut Nauk Geologicznych\" \/>\n<meta property=\"og:description\" content=\"The Institute of Geological Sciences at the University of Wroc\u0142aw cordially invites you to the series of multimedia lectures intended for students of the final grades of elementary school and high school and those interested in the natural sciences\" \/>\n<meta property=\"og:url\" content=\"https:\/\/ing.uwr.edu.pl\/en\/secrets-of-the-earth-and-the-universe\/\" \/>\n<meta property=\"og:site_name\" content=\"Instytut Nauk Geologicznych\" \/>\n<meta property=\"article:modified_time\" content=\"2023-09-22T09:47:54+00:00\" \/>\n<meta property=\"og:image\" content=\"https:\/\/ing.uwr.edu.pl\/wp-content\/uploads\/sites\/64\/2023\/04\/DSC06934-1024x683.jpg\" \/>\n<meta name=\"twitter:card\" content=\"summary_large_image\" \/>\n<meta name=\"twitter:label1\" content=\"Est. reading time\" \/>\n\t<meta name=\"twitter:data1\" content=\"2 minutes\" \/>\n<script type=\"application\/ld+json\" class=\"yoast-schema-graph\">{\"@context\":\"https:\/\/schema.org\",\"@graph\":[{\"@type\":\"WebPage\",\"@id\":\"https:\/\/ing.uwr.edu.pl\/en\/secrets-of-the-earth-and-the-universe\/\",\"url\":\"https:\/\/ing.uwr.edu.pl\/en\/secrets-of-the-earth-and-the-universe\/\",\"name\":\"Secrets of the Earth and the Universe - Instytut Nauk Geologicznych\",\"isPartOf\":{\"@id\":\"https:\/\/ing.uwr.edu.pl\/#website\"},\"primaryImageOfPage\":{\"@id\":\"https:\/\/ing.uwr.edu.pl\/en\/secrets-of-the-earth-and-the-universe\/#primaryimage\"},\"image\":{\"@id\":\"https:\/\/ing.uwr.edu.pl\/en\/secrets-of-the-earth-and-the-universe\/#primaryimage\"},\"thumbnailUrl\":\"https:\/\/ing.uwr.edu.pl\/wp-content\/uploads\/sites\/64\/2023\/04\/DSC06934-1024x683.jpg\",\"datePublished\":\"2023-04-14T10:09:58+00:00\",\"dateModified\":\"2023-09-22T09:47:54+00:00\",\"description\":\"The Institute of Geological Sciences at the University of Wroc\u0142aw cordially invites you to the series of multimedia lectures intended for students of the final grades of elementary school and high school and those interested in the natural sciences\",\"breadcrumb\":{\"@id\":\"https:\/\/ing.uwr.edu.pl\/en\/secrets-of-the-earth-and-the-universe\/#breadcrumb\"},\"inLanguage\":\"en-US\",\"potentialAction\":[{\"@type\":\"ReadAction\",\"target\":[\"https:\/\/ing.uwr.edu.pl\/en\/secrets-of-the-earth-and-the-universe\/\"]}]},{\"@type\":\"ImageObject\",\"inLanguage\":\"en-US\",\"@id\":\"https:\/\/ing.uwr.edu.pl\/en\/secrets-of-the-earth-and-the-universe\/#primaryimage\",\"url\":\"https:\/\/ing.uwr.edu.pl\/wp-content\/uploads\/sites\/64\/2023\/04\/DSC06934-1024x683.jpg\",\"contentUrl\":\"https:\/\/ing.uwr.edu.pl\/wp-content\/uploads\/sites\/64\/2023\/04\/DSC06934-1024x683.jpg\"},{\"@type\":\"BreadcrumbList\",\"@id\":\"https:\/\/ing.uwr.edu.pl\/en\/secrets-of-the-earth-and-the-universe\/#breadcrumb\",\"itemListElement\":[{\"@type\":\"ListItem\",\"position\":1,\"name\":\"Strona g\u0142\u00f3wna\",\"item\":\"https:\/\/ing.uwr.edu.pl\/en\/\"},{\"@type\":\"ListItem\",\"position\":2,\"name\":\"Secrets of the Earth and the Universe\"}]},{\"@type\":\"WebSite\",\"@id\":\"https:\/\/ing.uwr.edu.pl\/#website\",\"url\":\"https:\/\/ing.uwr.edu.pl\/\",\"name\":\"Instytut Nauk Geologicznych\",\"description\":\"Kolejna witryna sieci \u201eUWR Witryny\u201d\",\"publisher\":{\"@id\":\"https:\/\/ing.uwr.edu.pl\/#organization\"},\"potentialAction\":[{\"@type\":\"SearchAction\",\"target\":{\"@type\":\"EntryPoint\",\"urlTemplate\":\"https:\/\/ing.uwr.edu.pl\/?s={search_term_string}\"},\"query-input\":{\"@type\":\"PropertyValueSpecification\",\"valueRequired\":true,\"valueName\":\"search_term_string\"}}],\"inLanguage\":\"en-US\"},{\"@type\":\"Organization\",\"@id\":\"https:\/\/ing.uwr.edu.pl\/#organization\",\"name\":\"Instytut Nauk Geologicznych\",\"url\":\"https:\/\/ing.uwr.edu.pl\/\",\"logo\":{\"@type\":\"ImageObject\",\"inLanguage\":\"en-US\",\"@id\":\"https:\/\/ing.uwr.edu.pl\/#\/schema\/logo\/image\/\",\"url\":\"https:\/\/ing.uwr.edu.pl\/wp-content\/uploads\/sites\/64\/2025\/10\/UWr-logotyp-2025.png\",\"contentUrl\":\"https:\/\/ing.uwr.edu.pl\/wp-content\/uploads\/sites\/64\/2025\/10\/UWr-logotyp-2025.png\",\"width\":764,\"height\":269,\"caption\":\"Instytut Nauk Geologicznych\"},\"image\":{\"@id\":\"https:\/\/ing.uwr.edu.pl\/#\/schema\/logo\/image\/\"}}]}<\/script>\n<!-- \/ Yoast SEO plugin. -->","yoast_head_json":{"title":"Secrets of the Earth and the Universe - Instytut Nauk Geologicznych","description":"The Institute of Geological Sciences at the University of Wroc\u0142aw cordially invites you to the series of multimedia lectures intended for students of the final grades of elementary school and high school and those interested in the natural sciences","robots":{"index":"index","follow":"follow","max-snippet":"max-snippet:-1","max-image-preview":"max-image-preview:large","max-video-preview":"max-video-preview:-1"},"canonical":"https:\/\/ing.uwr.edu.pl\/en\/secrets-of-the-earth-and-the-universe\/","og_locale":"en_US","og_type":"article","og_title":"Secrets of the Earth and the Universe - Instytut Nauk Geologicznych","og_description":"The Institute of Geological Sciences at the University of Wroc\u0142aw cordially invites you to the series of multimedia lectures intended for students of the final grades of elementary school and high school and those interested in the natural sciences","og_url":"https:\/\/ing.uwr.edu.pl\/en\/secrets-of-the-earth-and-the-universe\/","og_site_name":"Instytut Nauk Geologicznych","article_modified_time":"2023-09-22T09:47:54+00:00","og_image":[{"url":"https:\/\/ing.uwr.edu.pl\/wp-content\/uploads\/sites\/64\/2023\/04\/DSC06934-1024x683.jpg","type":"","width":"","height":""}],"twitter_card":"summary_large_image","twitter_misc":{"Est. reading time":"2 minutes"},"schema":{"@context":"https:\/\/schema.org","@graph":[{"@type":"WebPage","@id":"https:\/\/ing.uwr.edu.pl\/en\/secrets-of-the-earth-and-the-universe\/","url":"https:\/\/ing.uwr.edu.pl\/en\/secrets-of-the-earth-and-the-universe\/","name":"Secrets of the Earth and the Universe - Instytut Nauk Geologicznych","isPartOf":{"@id":"https:\/\/ing.uwr.edu.pl\/#website"},"primaryImageOfPage":{"@id":"https:\/\/ing.uwr.edu.pl\/en\/secrets-of-the-earth-and-the-universe\/#primaryimage"},"image":{"@id":"https:\/\/ing.uwr.edu.pl\/en\/secrets-of-the-earth-and-the-universe\/#primaryimage"},"thumbnailUrl":"https:\/\/ing.uwr.edu.pl\/wp-content\/uploads\/sites\/64\/2023\/04\/DSC06934-1024x683.jpg","datePublished":"2023-04-14T10:09:58+00:00","dateModified":"2023-09-22T09:47:54+00:00","description":"The Institute of Geological Sciences at the University of Wroc\u0142aw cordially invites you to the series of multimedia lectures intended for students of the final grades of elementary school and high school and those interested in the natural sciences","breadcrumb":{"@id":"https:\/\/ing.uwr.edu.pl\/en\/secrets-of-the-earth-and-the-universe\/#breadcrumb"},"inLanguage":"en-US","potentialAction":[{"@type":"ReadAction","target":["https:\/\/ing.uwr.edu.pl\/en\/secrets-of-the-earth-and-the-universe\/"]}]},{"@type":"ImageObject","inLanguage":"en-US","@id":"https:\/\/ing.uwr.edu.pl\/en\/secrets-of-the-earth-and-the-universe\/#primaryimage","url":"https:\/\/ing.uwr.edu.pl\/wp-content\/uploads\/sites\/64\/2023\/04\/DSC06934-1024x683.jpg","contentUrl":"https:\/\/ing.uwr.edu.pl\/wp-content\/uploads\/sites\/64\/2023\/04\/DSC06934-1024x683.jpg"},{"@type":"BreadcrumbList","@id":"https:\/\/ing.uwr.edu.pl\/en\/secrets-of-the-earth-and-the-universe\/#breadcrumb","itemListElement":[{"@type":"ListItem","position":1,"name":"Strona g\u0142\u00f3wna","item":"https:\/\/ing.uwr.edu.pl\/en\/"},{"@type":"ListItem","position":2,"name":"Secrets of the Earth and the Universe"}]},{"@type":"WebSite","@id":"https:\/\/ing.uwr.edu.pl\/#website","url":"https:\/\/ing.uwr.edu.pl\/","name":"Instytut Nauk Geologicznych","description":"Kolejna witryna sieci \u201eUWR Witryny\u201d","publisher":{"@id":"https:\/\/ing.uwr.edu.pl\/#organization"},"potentialAction":[{"@type":"SearchAction","target":{"@type":"EntryPoint","urlTemplate":"https:\/\/ing.uwr.edu.pl\/?s={search_term_string}"},"query-input":{"@type":"PropertyValueSpecification","valueRequired":true,"valueName":"search_term_string"}}],"inLanguage":"en-US"},{"@type":"Organization","@id":"https:\/\/ing.uwr.edu.pl\/#organization","name":"Instytut Nauk Geologicznych","url":"https:\/\/ing.uwr.edu.pl\/","logo":{"@type":"ImageObject","inLanguage":"en-US","@id":"https:\/\/ing.uwr.edu.pl\/#\/schema\/logo\/image\/","url":"https:\/\/ing.uwr.edu.pl\/wp-content\/uploads\/sites\/64\/2025\/10\/UWr-logotyp-2025.png","contentUrl":"https:\/\/ing.uwr.edu.pl\/wp-content\/uploads\/sites\/64\/2025\/10\/UWr-logotyp-2025.png","width":764,"height":269,"caption":"Instytut Nauk Geologicznych"},"image":{"@id":"https:\/\/ing.uwr.edu.pl\/#\/schema\/logo\/image\/"}}]}},"publishpress_future_action":{"enabled":false,"date":"2026-05-01 04:48:42","action":"change-status","newStatus":"draft","terms":[],"taxonomy":"category","extraData":[]},"publishpress_future_workflow_manual_trigger":{"enabledWorkflows":[]},"_links":{"self":[{"href":"https:\/\/ing.uwr.edu.pl\/en\/wp-json\/wp\/v2\/pages\/34077\/"}],"collection":[{"href":"https:\/\/ing.uwr.edu.pl\/en\/wp-json\/wp\/v2\/pages\/"}],"about":[{"href":"https:\/\/ing.uwr.edu.pl\/en\/wp-json\/wp\/v2\/types\/page\/"}],"author":[{"embeddable":true,"href":"https:\/\/ing.uwr.edu.pl\/en\/wp-json\/wp\/v2\/users\/304\/"}],"replies":[{"embeddable":true,"href":"https:\/\/ing.uwr.edu.pl\/en\/wp-json\/wp\/v2\/comments\/?post=34077"}],"version-history":[{"count":3,"href":"https:\/\/ing.uwr.edu.pl\/en\/wp-json\/wp\/v2\/pages\/34077\/revisions\/"}],"predecessor-version":[{"id":35034,"href":"https:\/\/ing.uwr.edu.pl\/en\/wp-json\/wp\/v2\/pages\/34077\/revisions\/35034\/"}],"wp:attachment":[{"href":"https:\/\/ing.uwr.edu.pl\/en\/wp-json\/wp\/v2\/media\/?parent=34077"}],"wp:term":[{"taxonomy":"category","embeddable":true,"href":"https:\/\/ing.uwr.edu.pl\/en\/wp-json\/wp\/v2\/categories\/?post=34077"},{"taxonomy":"post_tag","embeddable":true,"href":"https:\/\/ing.uwr.edu.pl\/en\/wp-json\/wp\/v2\/tags\/?post=34077"}],"curies":[{"name":"wp","href":"https:\/\/api.w.org\/{rel}","templated":true}]}}