{"id":34053,"date":"2023-09-12T13:44:49","date_gmt":"2023-09-12T11:44:49","guid":{"rendered":"https:\/\/ing.uwr.edu.pl\/cooperation-with-industry\/"},"modified":"2023-09-22T12:05:27","modified_gmt":"2023-09-22T10:05:27","slug":"cooperation-with-industry","status":"publish","type":"page","link":"https:\/\/ing.uwr.edu.pl\/en\/cooperation-with-industry\/","title":{"rendered":"Cooperation with industry"},"content":{"rendered":"\n<div class=\"wp-block-ugb-container ugb-container blok_nowa_podstrona ugb-8dda971 ugb-container--v2 ugb-container--design-plain ugb-main-block\"><div class=\"ugb-inner-block\"><div class=\"ugb-block-content\"><div class=\"ugb-container__wrapper ugb-8dda971-wrapper\"><div class=\"ugb-container__side\"><div class=\"ugb-container__content-wrapper ugb-8dda971-content-wrapper\">\n<div class=\"wp-block-columns bs-news-page is-layout-flex wp-block-columns-is-layout-flex\">\n<div class=\"wp-block-column bs-kontakt-photo is-layout-flow wp-block-column-is-layout-flow\">\n<figure class=\"wp-block-image size-large\"><img loading=\"lazy\" decoding=\"async\" width=\"1024\" height=\"683\" src=\"https:\/\/ing.uwr.edu.pl\/wp-content\/uploads\/sites\/64\/2023\/04\/DSC07095-1024x683.jpg\" alt=\"Bartz\" class=\"wp-image-29385\" srcset=\"https:\/\/ing.uwr.edu.pl\/wp-content\/uploads\/sites\/64\/2023\/04\/DSC07095-1024x683.jpg 1024w, https:\/\/ing.uwr.edu.pl\/wp-content\/uploads\/sites\/64\/2023\/04\/DSC07095-300x200.jpg 300w, https:\/\/ing.uwr.edu.pl\/wp-content\/uploads\/sites\/64\/2023\/04\/DSC07095-768x512.jpg 768w, https:\/\/ing.uwr.edu.pl\/wp-content\/uploads\/sites\/64\/2023\/04\/DSC07095-1536x1025.jpg 1536w, https:\/\/ing.uwr.edu.pl\/wp-content\/uploads\/sites\/64\/2023\/04\/DSC07095-2048x1366.jpg 2048w, https:\/\/ing.uwr.edu.pl\/wp-content\/uploads\/sites\/64\/2023\/04\/DSC07095-1320x880.jpg 1320w, https:\/\/ing.uwr.edu.pl\/wp-content\/uploads\/sites\/64\/2023\/04\/DSC07095-24x16.jpg 24w, https:\/\/ing.uwr.edu.pl\/wp-content\/uploads\/sites\/64\/2023\/04\/DSC07095-36x24.jpg 36w, https:\/\/ing.uwr.edu.pl\/wp-content\/uploads\/sites\/64\/2023\/04\/DSC07095-48x32.jpg 48w\" sizes=\"auto, (max-width: 1024px) 100vw, 1024px\" \/><\/figure>\n<\/div>\n\n\n\n<div class=\"wp-block-column bs-contact-right-column is-layout-flow wp-block-column-is-layout-flow\">\n<hr class=\"wp-block-separator has-text-color has-black-color has-css-opacity has-black-background-color has-background is-style-wide bs-border-kontakt\"\/>\n\n\n<h1 style=\"font-style:normal;font-weight:700;\" class=\"bs-naglowek-podstrony wp-block-post-title\">Cooperation with industry<\/h1>\n\n\n<p>As an experiential faculty, we work closely with industry doing research and implementation work for industry. Our portfolio of tasks is vast, and we face every challenge innovatively, leveraging cutting-edge research methodologies. All research and services of the Institute of Geological Sciences of the University of Wroclaw are performed by experienced scientists and specialists who have the necessary licenses, advanced research tools and technologies. The Institute of Geological Sciences guarantees the reliability and professionalism of its services and customization to meet the individual needs of industry clients.<\/p>\n\n\n\n<p><strong>WRO-MIN Independent Center for Geological Services<\/strong><br>e-mail: krzysztof.moskwa\/at\/uwr.edu.pl<br>Tel. +48 713759437<\/p>\n<\/div>\n<\/div>\n\n\n\n<div class=\"wp-block-ugb-container ugb-container bs-news-page-under ugb-f8694ce ugb-container--v2 ugb-container--design-plain ugb-main-block\"><div class=\"ugb-inner-block\"><div class=\"ugb-block-content\"><div class=\"ugb-container__wrapper ugb-f8694ce-wrapper\"><div class=\"ugb-container__side\"><div class=\"ugb-container__content-wrapper ugb-f8694ce-content-wrapper\">\n<p><strong>In recent years, we have worked, among others, with the following companies:<\/strong><\/p>\n\n\n\n<div class=\"wp-block-columns is-layout-flex wp-block-columns-is-layout-flex\">\n<div class=\"wp-block-column is-layout-flow wp-block-column-is-layout-flow\">\n<ul class=\"wp-block-list\">\n<li>KGHM Polska Mied\u017a S.A.<\/li>\n\n\n\n<li>KHGM Cuprum Sp. z o.o. CBR<\/li>\n\n\n\n<li>PGE&nbsp; G\u00f3rnictwo i Energetyka Knwencjonalna S.A.&nbsp;&nbsp;<\/li>\n\n\n\n<li>Polskie Elektrownie J\u0105drowe Sp. z o.o.<\/li>\n\n\n\n<li>JASTRZ\u0118BSKA SP\u00d3\u0141KA W\u0118GLOWA S.A.<\/li>\n\n\n\n<li>LUBELSKI W\u0118GIEL &#8220;BOGDANKA&#8221; S.A.<\/li>\n\n\n\n<li>Polskie G\u00f3rnictwo Naftowe i Gazownictwo S.A.<\/li>\n\n\n\n<li>PRZEDSI\u0118BIORSTWO ENERGETYKI CIEPLNEJ GEOTERMIA PODHALA\u0143SKA S.A.<\/li>\n\n\n\n<li>Oil and Gas Institute &#8211; National Research Institute<\/li>\n\n\n\n<li>Polish Geological Institute &#8211; National Research Institute<\/li>\n\n\n\n<li>Poltegor Instytut &#8211; Polish Research Institute<\/li>\n\n\n\n<li>Kopalnia Granitu Kamienna G\u00f3ra &#8211; Celiny Sp. z o.o. Granite Mine<\/li>\n\n\n\n<li>Kopalnia Soli &#8220;K\u0142odawa&#8221; S.A. Salt Mine<\/li>\n<\/ul>\n<\/div>\n\n\n\n<div class=\"wp-block-column is-layout-flow wp-block-column-is-layout-flow\">\n<ul class=\"wp-block-list\">\n<li>Kopalnia Granitu Kamienna G\u00f3ra &#8211; Celiny Sp. z o.o. Granite Mine<\/li>\n\n\n\n<li>GEOFIZYKA TORU\u0143 S.A.<\/li>\n\n\n\n<li>Hydrogeotechnika SP. z.o.o.<\/li>\n\n\n\n<li>Skanska S.A.<\/li>\n\n\n\n<li>LG Chem Wroc\u0142aw Energy Sp. z o.o.<\/li>\n\n\n\n<li>PRZEDSI\u0118BIORSTWO BUDOWLANOKONSERWATORSKIE CASTELLUM SP. Z O.O.<\/li>\n\n\n\n<li>TOYOTA TSUSHO EUROPE POLAND BRANCH<\/li>\n\n\n\n<li>BBI BUDOWNICTWO SP. Z O.O. <\/li>\n\n\n\n<li>MIEJSKIE PRZEDSI\u0118BIORSTWO WODOCI\u0104G\u00d3W I KANALIZACJI S.A.<\/li>\n\n\n\n<li>MINERAL POLSKA SP. Z O.O.<\/li>\n\n\n\n<li>GEOTECHNOLOGIES SP. Z O.O.<\/li>\n\n\n\n<li>HYDROGEOTECHNIKA SP. Z O.O.<\/li>\n\n\n\n<li>Municipality of Wroc\u0142aw<\/li>\n<\/ul>\n<\/div>\n<\/div>\n\n\n\n<p><strong>Here are some standard research examples:<\/strong><\/p>\n\n\n\n<div class=\"wp-block-media-text alignwide has-media-on-the-right is-stacked-on-mobile\"><div class=\"wp-block-media-text__content\">\n<p>Executing projects, documentation, studies and geological, hydrogeological, sozological maps, etc.<\/p>\n\n\n\n<p>Geological studies in engineering geology, hydrogeology and shallow bedrock geophysics<\/p>\n\n\n\n<p>Preparing water balances, including evaporation, precipitation and infiltration<\/p>\n\n\n\n<p>Investigating filtration parameters and identifying waterlogging zones<\/p>\n\n\n\n<p>Performing and evaluating hydrogeological opinions<\/p>\n\n\n\n<p>Hydrogeological modeling<\/p>\n\n\n\n<p>Performing permeability tests on cohesive materials<\/p>\n\n\n\n<p>Producing polished petrographic examination specimens<\/p>\n\n\n\n<p>Determining stable isotope concentrations of hydrogen, nitrogen, oxygen; \nperforming measurements of natural radionuclide content<\/p>\n\n\n\n<p>Performing petro-archaeological studies of supplied natural and industrial samples<\/p>\n\n\n\n<p>Performing the petrographic testing of rocks, aggregates, building materials and archaeological materials<\/p>\n<\/div><figure class=\"wp-block-media-text__media\"><img loading=\"lazy\" decoding=\"async\" width=\"768\" height=\"1024\" src=\"https:\/\/ing.uwr.edu.pl\/wp-content\/uploads\/sites\/64\/2023\/04\/IMG_20201013_114015-768x1024.jpg\" alt=\"Ple\u015bniak\" class=\"wp-image-29391 size-full\" srcset=\"https:\/\/ing.uwr.edu.pl\/wp-content\/uploads\/sites\/64\/2023\/04\/IMG_20201013_114015-768x1024.jpg 768w, https:\/\/ing.uwr.edu.pl\/wp-content\/uploads\/sites\/64\/2023\/04\/IMG_20201013_114015-225x300.jpg 225w, https:\/\/ing.uwr.edu.pl\/wp-content\/uploads\/sites\/64\/2023\/04\/IMG_20201013_114015-1152x1536.jpg 1152w, https:\/\/ing.uwr.edu.pl\/wp-content\/uploads\/sites\/64\/2023\/04\/IMG_20201013_114015-1536x2048.jpg 1536w, https:\/\/ing.uwr.edu.pl\/wp-content\/uploads\/sites\/64\/2023\/04\/IMG_20201013_114015-1320x1760.jpg 1320w, https:\/\/ing.uwr.edu.pl\/wp-content\/uploads\/sites\/64\/2023\/04\/IMG_20201013_114015-18x24.jpg 18w, https:\/\/ing.uwr.edu.pl\/wp-content\/uploads\/sites\/64\/2023\/04\/IMG_20201013_114015-27x36.jpg 27w, https:\/\/ing.uwr.edu.pl\/wp-content\/uploads\/sites\/64\/2023\/04\/IMG_20201013_114015-36x48.jpg 36w, https:\/\/ing.uwr.edu.pl\/wp-content\/uploads\/sites\/64\/2023\/04\/IMG_20201013_114015-rotated.jpg 1200w\" sizes=\"auto, (max-width: 768px) 100vw, 768px\" \/><\/figure><\/div>\n\n\n\n<div class=\"wp-block-stackable-columns stk-block-columns stk-block stk-c1a3922\" data-block-id=\"c1a3922\"><div class=\"stk-row stk-inner-blocks stk-block-content stk-content-align stk-c1a3922-column\">\n<div class=\"wp-block-stackable-column stk-block-column stk-column stk-block stk-a6d0d0c\" data-v=\"4\" data-block-id=\"a6d0d0c\"><style>@media screen and (min-width:768px){.stk-a6d0d0c{flex:1 1 calc(1.7% - var(--stk-column-gap,0px) * 1 \/ 2 ) !important}}<\/style><div class=\"stk-column-wrapper stk-block-column__content stk-container stk-a6d0d0c-container stk--no-background stk--no-padding\"><div class=\"stk-block-content stk-inner-blocks stk-a6d0d0c-inner-blocks\"><\/div><\/div><\/div>\n\n\n\n<div class=\"wp-block-stackable-column stk-block-column stk-column stk-block stk-1261f1d\" data-v=\"4\" data-block-id=\"1261f1d\"><style>@media screen and (min-width:768px){.stk-1261f1d{flex:1 1 calc(98.3% - var(--stk-column-gap,0px) * 1 \/ 2 ) !important}}<\/style><div class=\"stk-column-wrapper stk-block-column__content stk-container stk-1261f1d-container stk--no-background stk--no-padding\"><div class=\"stk-block-content stk-inner-blocks stk-1261f1d-inner-blocks\">\n<p>Performing analysis of rocks in microprobe preparations using a scanning electron microscope with a module for co-located Raman spectroscopy measurements<\/p>\n\n\n\n<p>Analyses of the presence of asbestos in supplied samples<\/p>\n\n\n\n<p>Performing the specialized testing of soil pavement<\/p>\n\n\n\n<p>Cathodoluminescence imaging of rock samples in microscope preparations<\/p>\n\n\n\n<p>Microfacial analysis of carbonate sediments<\/p>\n\n\n\n<p>Geochemical studies to trace the origin and migration of thermal waters<\/p>\n<\/div><\/div><\/div>\n<\/div><\/div>\n<\/div><\/div><\/div><\/div><\/div><\/div>\n<\/div><\/div><\/div><\/div><\/div><\/div>\n","protected":false},"excerpt":{"rendered":"<p>As an experiential faculty, we work closely with industry doing research and implementation work for industry. Our portfolio of tasks [&hellip;]<\/p>\n","protected":false},"author":304,"featured_media":0,"parent":0,"menu_order":0,"comment_status":"closed","ping_status":"closed","template":"","meta":{"_acf_changed":false,"inline_featured_image":false,"site-sidebar-layout":"default","site-content-layout":"","ast-site-content-layout":"default","site-content-style":"default","site-sidebar-style":"default","ast-global-header-display":"","ast-banner-title-visibility":"","ast-main-header-display":"","ast-hfb-above-header-display":"","ast-hfb-below-header-display":"","ast-hfb-mobile-header-display":"","site-post-title":"","ast-breadcrumbs-content":"","ast-featured-img":"","footer-sml-layout":"","ast-disable-related-posts":"","theme-transparent-header-meta":"","adv-header-id-meta":"","stick-header-meta":"","header-above-stick-meta":"","header-main-stick-meta":"","header-below-stick-meta":"","astra-migrate-meta-layouts":"default","ast-page-background-enabled":"default","ast-page-background-meta":{"desktop":{"background-color":"var(--ast-global-color-5)","background-image":"","background-repeat":"repeat","background-position":"center center","background-size":"auto","background-attachment":"scroll","background-type":"","background-media":"","overlay-type":"","overlay-color":"","overlay-opacity":"","overlay-gradient":""},"tablet":{"background-color":"","background-image":"","background-repeat":"repeat","background-position":"center center","background-size":"auto","background-attachment":"scroll","background-type":"","background-media":"","overlay-type":"","overlay-color":"","overlay-opacity":"","overlay-gradient":""},"mobile":{"background-color":"","background-image":"","background-repeat":"repeat","background-position":"center center","background-size":"auto","background-attachment":"scroll","background-type":"","background-media":"","overlay-type":"","overlay-color":"","overlay-opacity":"","overlay-gradient":""}},"ast-content-background-meta":{"desktop":{"background-color":"var(--ast-global-color-4)","background-image":"","background-repeat":"repeat","background-position":"center center","background-size":"auto","background-attachment":"scroll","background-type":"","background-media":"","overlay-type":"","overlay-color":"","overlay-opacity":"","overlay-gradient":""},"tablet":{"background-color":"var(--ast-global-color-4)","background-image":"","background-repeat":"repeat","background-position":"center center","background-size":"auto","background-attachment":"scroll","background-type":"","background-media":"","overlay-type":"","overlay-color":"","overlay-opacity":"","overlay-gradient":""},"mobile":{"background-color":"var(--ast-global-color-4)","background-image":"","background-repeat":"repeat","background-position":"center center","background-size":"auto","background-attachment":"scroll","background-type":"","background-media":"","overlay-type":"","overlay-color":"","overlay-opacity":"","overlay-gradient":""}},"footnotes":""},"categories":[],"tags":[],"class_list":["post-34053","page","type-page","status-publish","hentry"],"featured_image_urls_v2":{"full":"","thumbnail":"","medium":"","medium_large":"","large":"","1536x1536":"","2048x2048":"","menu-24x24":"","menu-36x36":"","menu-48x48":""},"post_excerpt_stackable_v2":"<p>Cooperation with industry As an experiential faculty, we work closely with industry doing research and implementation work for industry. Our portfolio of tasks is vast, and we face every challenge innovatively, leveraging cutting-edge research methodologies. All research and services of the Institute of Geological Sciences of the University of Wroclaw are performed by experienced scientists and specialists who have the necessary licenses, advanced research tools and technologies. The Institute of Geological Sciences guarantees the reliability and professionalism of its services and customization to meet the individual needs of industry clients. WRO-MIN Independent Center for Geological Servicese-mail: krzysztof.moskwa\/at\/uwr.edu.plTel. +48 713759437 In&hellip;<\/p>\n","category_list_v2":"Uncategorized","author_info_v2":{"name":"klis","url":"https:\/\/ing.uwr.edu.pl\/en\/author\/klis\/"},"comments_num_v2":"0 comments","acf":[],"yoast_head":"<!-- This site is optimized with the Yoast SEO plugin v27.1.1 - https:\/\/yoast.com\/product\/yoast-seo-wordpress\/ -->\n<title>Cooperation with industry - Instytut Nauk Geologicznych<\/title>\n<meta name=\"description\" content=\"As an experiential faculty, we work closely with industry doing research and implementation work for industry. Our portfolio of tasks is vast, and we face every challenge innovatively, leveraging cutting-edge research methodologies.\" \/>\n<meta name=\"robots\" content=\"index, follow, max-snippet:-1, max-image-preview:large, max-video-preview:-1\" \/>\n<link rel=\"canonical\" href=\"https:\/\/ing.uwr.edu.pl\/en\/cooperation-with-industry\/\" \/>\n<meta property=\"og:locale\" content=\"en_US\" \/>\n<meta property=\"og:type\" content=\"article\" \/>\n<meta property=\"og:title\" content=\"Cooperation with industry - Instytut Nauk Geologicznych\" \/>\n<meta property=\"og:description\" content=\"As an experiential faculty, we work closely with industry doing research and implementation work for industry. Our portfolio of tasks is vast, and we face every challenge innovatively, leveraging cutting-edge research methodologies.\" \/>\n<meta property=\"og:url\" content=\"https:\/\/ing.uwr.edu.pl\/en\/cooperation-with-industry\/\" \/>\n<meta property=\"og:site_name\" content=\"Instytut Nauk Geologicznych\" \/>\n<meta property=\"article:modified_time\" content=\"2023-09-22T10:05:27+00:00\" \/>\n<meta property=\"og:image\" content=\"https:\/\/ing.uwr.edu.pl\/wp-content\/uploads\/sites\/64\/2023\/04\/DSC07095-1024x683.jpg\" \/>\n<meta name=\"twitter:card\" content=\"summary_large_image\" \/>\n<meta name=\"twitter:label1\" content=\"Est. reading time\" \/>\n\t<meta name=\"twitter:data1\" content=\"3 minutes\" \/>\n<script type=\"application\/ld+json\" class=\"yoast-schema-graph\">{\"@context\":\"https:\/\/schema.org\",\"@graph\":[{\"@type\":\"WebPage\",\"@id\":\"https:\/\/ing.uwr.edu.pl\/en\/cooperation-with-industry\/\",\"url\":\"https:\/\/ing.uwr.edu.pl\/en\/cooperation-with-industry\/\",\"name\":\"Cooperation with industry - Instytut Nauk Geologicznych\",\"isPartOf\":{\"@id\":\"https:\/\/ing.uwr.edu.pl\/#website\"},\"primaryImageOfPage\":{\"@id\":\"https:\/\/ing.uwr.edu.pl\/en\/cooperation-with-industry\/#primaryimage\"},\"image\":{\"@id\":\"https:\/\/ing.uwr.edu.pl\/en\/cooperation-with-industry\/#primaryimage\"},\"thumbnailUrl\":\"https:\/\/ing.uwr.edu.pl\/wp-content\/uploads\/sites\/64\/2023\/04\/DSC07095-1024x683.jpg\",\"datePublished\":\"2023-09-12T11:44:49+00:00\",\"dateModified\":\"2023-09-22T10:05:27+00:00\",\"description\":\"As an experiential faculty, we work closely with industry doing research and implementation work for industry. Our portfolio of tasks is vast, and we face every challenge innovatively, leveraging cutting-edge research methodologies.\",\"breadcrumb\":{\"@id\":\"https:\/\/ing.uwr.edu.pl\/en\/cooperation-with-industry\/#breadcrumb\"},\"inLanguage\":\"en-US\",\"potentialAction\":[{\"@type\":\"ReadAction\",\"target\":[\"https:\/\/ing.uwr.edu.pl\/en\/cooperation-with-industry\/\"]}]},{\"@type\":\"ImageObject\",\"inLanguage\":\"en-US\",\"@id\":\"https:\/\/ing.uwr.edu.pl\/en\/cooperation-with-industry\/#primaryimage\",\"url\":\"https:\/\/ing.uwr.edu.pl\/wp-content\/uploads\/sites\/64\/2023\/04\/DSC07095-1024x683.jpg\",\"contentUrl\":\"https:\/\/ing.uwr.edu.pl\/wp-content\/uploads\/sites\/64\/2023\/04\/DSC07095-1024x683.jpg\"},{\"@type\":\"BreadcrumbList\",\"@id\":\"https:\/\/ing.uwr.edu.pl\/en\/cooperation-with-industry\/#breadcrumb\",\"itemListElement\":[{\"@type\":\"ListItem\",\"position\":1,\"name\":\"Strona g\u0142\u00f3wna\",\"item\":\"https:\/\/ing.uwr.edu.pl\/en\/\"},{\"@type\":\"ListItem\",\"position\":2,\"name\":\"Cooperation with industry\"}]},{\"@type\":\"WebSite\",\"@id\":\"https:\/\/ing.uwr.edu.pl\/#website\",\"url\":\"https:\/\/ing.uwr.edu.pl\/\",\"name\":\"Instytut Nauk Geologicznych\",\"description\":\"Kolejna witryna sieci \u201eUWR Witryny\u201d\",\"publisher\":{\"@id\":\"https:\/\/ing.uwr.edu.pl\/#organization\"},\"potentialAction\":[{\"@type\":\"SearchAction\",\"target\":{\"@type\":\"EntryPoint\",\"urlTemplate\":\"https:\/\/ing.uwr.edu.pl\/?s={search_term_string}\"},\"query-input\":{\"@type\":\"PropertyValueSpecification\",\"valueRequired\":true,\"valueName\":\"search_term_string\"}}],\"inLanguage\":\"en-US\"},{\"@type\":\"Organization\",\"@id\":\"https:\/\/ing.uwr.edu.pl\/#organization\",\"name\":\"Instytut Nauk Geologicznych\",\"url\":\"https:\/\/ing.uwr.edu.pl\/\",\"logo\":{\"@type\":\"ImageObject\",\"inLanguage\":\"en-US\",\"@id\":\"https:\/\/ing.uwr.edu.pl\/#\/schema\/logo\/image\/\",\"url\":\"https:\/\/ing.uwr.edu.pl\/wp-content\/uploads\/sites\/64\/2025\/10\/UWr-logotyp-2025.png\",\"contentUrl\":\"https:\/\/ing.uwr.edu.pl\/wp-content\/uploads\/sites\/64\/2025\/10\/UWr-logotyp-2025.png\",\"width\":764,\"height\":269,\"caption\":\"Instytut Nauk Geologicznych\"},\"image\":{\"@id\":\"https:\/\/ing.uwr.edu.pl\/#\/schema\/logo\/image\/\"}}]}<\/script>\n<!-- \/ Yoast SEO plugin. -->","yoast_head_json":{"title":"Cooperation with industry - Instytut Nauk Geologicznych","description":"As an experiential faculty, we work closely with industry doing research and implementation work for industry. Our portfolio of tasks is vast, and we face every challenge innovatively, leveraging cutting-edge research methodologies.","robots":{"index":"index","follow":"follow","max-snippet":"max-snippet:-1","max-image-preview":"max-image-preview:large","max-video-preview":"max-video-preview:-1"},"canonical":"https:\/\/ing.uwr.edu.pl\/en\/cooperation-with-industry\/","og_locale":"en_US","og_type":"article","og_title":"Cooperation with industry - Instytut Nauk Geologicznych","og_description":"As an experiential faculty, we work closely with industry doing research and implementation work for industry. Our portfolio of tasks is vast, and we face every challenge innovatively, leveraging cutting-edge research methodologies.","og_url":"https:\/\/ing.uwr.edu.pl\/en\/cooperation-with-industry\/","og_site_name":"Instytut Nauk Geologicznych","article_modified_time":"2023-09-22T10:05:27+00:00","og_image":[{"url":"https:\/\/ing.uwr.edu.pl\/wp-content\/uploads\/sites\/64\/2023\/04\/DSC07095-1024x683.jpg","type":"","width":"","height":""}],"twitter_card":"summary_large_image","twitter_misc":{"Est. reading time":"3 minutes"},"schema":{"@context":"https:\/\/schema.org","@graph":[{"@type":"WebPage","@id":"https:\/\/ing.uwr.edu.pl\/en\/cooperation-with-industry\/","url":"https:\/\/ing.uwr.edu.pl\/en\/cooperation-with-industry\/","name":"Cooperation with industry - Instytut Nauk Geologicznych","isPartOf":{"@id":"https:\/\/ing.uwr.edu.pl\/#website"},"primaryImageOfPage":{"@id":"https:\/\/ing.uwr.edu.pl\/en\/cooperation-with-industry\/#primaryimage"},"image":{"@id":"https:\/\/ing.uwr.edu.pl\/en\/cooperation-with-industry\/#primaryimage"},"thumbnailUrl":"https:\/\/ing.uwr.edu.pl\/wp-content\/uploads\/sites\/64\/2023\/04\/DSC07095-1024x683.jpg","datePublished":"2023-09-12T11:44:49+00:00","dateModified":"2023-09-22T10:05:27+00:00","description":"As an experiential faculty, we work closely with industry doing research and implementation work for industry. Our portfolio of tasks is vast, and we face every challenge innovatively, leveraging cutting-edge research methodologies.","breadcrumb":{"@id":"https:\/\/ing.uwr.edu.pl\/en\/cooperation-with-industry\/#breadcrumb"},"inLanguage":"en-US","potentialAction":[{"@type":"ReadAction","target":["https:\/\/ing.uwr.edu.pl\/en\/cooperation-with-industry\/"]}]},{"@type":"ImageObject","inLanguage":"en-US","@id":"https:\/\/ing.uwr.edu.pl\/en\/cooperation-with-industry\/#primaryimage","url":"https:\/\/ing.uwr.edu.pl\/wp-content\/uploads\/sites\/64\/2023\/04\/DSC07095-1024x683.jpg","contentUrl":"https:\/\/ing.uwr.edu.pl\/wp-content\/uploads\/sites\/64\/2023\/04\/DSC07095-1024x683.jpg"},{"@type":"BreadcrumbList","@id":"https:\/\/ing.uwr.edu.pl\/en\/cooperation-with-industry\/#breadcrumb","itemListElement":[{"@type":"ListItem","position":1,"name":"Strona g\u0142\u00f3wna","item":"https:\/\/ing.uwr.edu.pl\/en\/"},{"@type":"ListItem","position":2,"name":"Cooperation with industry"}]},{"@type":"WebSite","@id":"https:\/\/ing.uwr.edu.pl\/#website","url":"https:\/\/ing.uwr.edu.pl\/","name":"Instytut Nauk Geologicznych","description":"Kolejna witryna sieci \u201eUWR Witryny\u201d","publisher":{"@id":"https:\/\/ing.uwr.edu.pl\/#organization"},"potentialAction":[{"@type":"SearchAction","target":{"@type":"EntryPoint","urlTemplate":"https:\/\/ing.uwr.edu.pl\/?s={search_term_string}"},"query-input":{"@type":"PropertyValueSpecification","valueRequired":true,"valueName":"search_term_string"}}],"inLanguage":"en-US"},{"@type":"Organization","@id":"https:\/\/ing.uwr.edu.pl\/#organization","name":"Instytut Nauk Geologicznych","url":"https:\/\/ing.uwr.edu.pl\/","logo":{"@type":"ImageObject","inLanguage":"en-US","@id":"https:\/\/ing.uwr.edu.pl\/#\/schema\/logo\/image\/","url":"https:\/\/ing.uwr.edu.pl\/wp-content\/uploads\/sites\/64\/2025\/10\/UWr-logotyp-2025.png","contentUrl":"https:\/\/ing.uwr.edu.pl\/wp-content\/uploads\/sites\/64\/2025\/10\/UWr-logotyp-2025.png","width":764,"height":269,"caption":"Instytut Nauk Geologicznych"},"image":{"@id":"https:\/\/ing.uwr.edu.pl\/#\/schema\/logo\/image\/"}}]}},"publishpress_future_action":{"enabled":false,"date":"2026-05-01 04:48:41","action":"change-status","newStatus":"draft","terms":[],"taxonomy":"category","extraData":[]},"publishpress_future_workflow_manual_trigger":{"enabledWorkflows":[]},"_links":{"self":[{"href":"https:\/\/ing.uwr.edu.pl\/en\/wp-json\/wp\/v2\/pages\/34053\/"}],"collection":[{"href":"https:\/\/ing.uwr.edu.pl\/en\/wp-json\/wp\/v2\/pages\/"}],"about":[{"href":"https:\/\/ing.uwr.edu.pl\/en\/wp-json\/wp\/v2\/types\/page\/"}],"author":[{"embeddable":true,"href":"https:\/\/ing.uwr.edu.pl\/en\/wp-json\/wp\/v2\/users\/304\/"}],"replies":[{"embeddable":true,"href":"https:\/\/ing.uwr.edu.pl\/en\/wp-json\/wp\/v2\/comments\/?post=34053"}],"version-history":[{"count":2,"href":"https:\/\/ing.uwr.edu.pl\/en\/wp-json\/wp\/v2\/pages\/34053\/revisions\/"}],"predecessor-version":[{"id":35040,"href":"https:\/\/ing.uwr.edu.pl\/en\/wp-json\/wp\/v2\/pages\/34053\/revisions\/35040\/"}],"wp:attachment":[{"href":"https:\/\/ing.uwr.edu.pl\/en\/wp-json\/wp\/v2\/media\/?parent=34053"}],"wp:term":[{"taxonomy":"category","embeddable":true,"href":"https:\/\/ing.uwr.edu.pl\/en\/wp-json\/wp\/v2\/categories\/?post=34053"},{"taxonomy":"post_tag","embeddable":true,"href":"https:\/\/ing.uwr.edu.pl\/en\/wp-json\/wp\/v2\/tags\/?post=34053"}],"curies":[{"name":"wp","href":"https:\/\/api.w.org\/{rel}","templated":true}]}}