{"id":33987,"date":"2023-09-12T13:40:27","date_gmt":"2023-09-12T11:40:27","guid":{"rendered":"https:\/\/ing.uwr.edu.pl\/candidates\/"},"modified":"2023-09-13T13:03:42","modified_gmt":"2023-09-13T11:03:42","slug":"candidates","status":"publish","type":"page","link":"https:\/\/ing.uwr.edu.pl\/en\/candidates\/","title":{"rendered":"Candidates"},"content":{"rendered":"\n<div class=\"wp-block-ugb-container ugb-container blok_nowa_podstrona ugb-8dda971 ugb-container--v2 ugb-container--design-plain ugb-main-block\"><div class=\"ugb-inner-block\"><div class=\"ugb-block-content\"><div class=\"ugb-container__wrapper ugb-8dda971-wrapper\"><div class=\"ugb-container__side\"><div class=\"ugb-container__content-wrapper ugb-8dda971-content-wrapper\">\n<div class=\"wp-block-columns bs-news-page is-layout-flex wp-block-columns-is-layout-flex\">\n<div class=\"wp-block-column bs-kontakt-photo is-layout-flow wp-block-column-is-layout-flow\">\n<figure class=\"wp-block-image size-large\"><img loading=\"lazy\" decoding=\"async\" width=\"1024\" height=\"768\" src=\"https:\/\/ing.uwr.edu.pl\/wp-content\/uploads\/sites\/64\/2023\/05\/IMG_8183-1024x768.jpeg\" alt=\"Pomerania, practical classes.\" class=\"wp-image-30990\" srcset=\"https:\/\/ing.uwr.edu.pl\/wp-content\/uploads\/sites\/64\/2023\/05\/IMG_8183-1024x768.jpeg 1024w, https:\/\/ing.uwr.edu.pl\/wp-content\/uploads\/sites\/64\/2023\/05\/IMG_8183-300x225.jpeg 300w, https:\/\/ing.uwr.edu.pl\/wp-content\/uploads\/sites\/64\/2023\/05\/IMG_8183-768x576.jpeg 768w, https:\/\/ing.uwr.edu.pl\/wp-content\/uploads\/sites\/64\/2023\/05\/IMG_8183-1536x1152.jpeg 1536w, https:\/\/ing.uwr.edu.pl\/wp-content\/uploads\/sites\/64\/2023\/05\/IMG_8183-2048x1536.jpeg 2048w, https:\/\/ing.uwr.edu.pl\/wp-content\/uploads\/sites\/64\/2023\/05\/IMG_8183-1320x990.jpeg 1320w, https:\/\/ing.uwr.edu.pl\/wp-content\/uploads\/sites\/64\/2023\/05\/IMG_8183-24x18.jpeg 24w, https:\/\/ing.uwr.edu.pl\/wp-content\/uploads\/sites\/64\/2023\/05\/IMG_8183-36x27.jpeg 36w, https:\/\/ing.uwr.edu.pl\/wp-content\/uploads\/sites\/64\/2023\/05\/IMG_8183-48x36.jpeg 48w\" sizes=\"auto, (max-width: 1024px) 100vw, 1024px\" \/><figcaption class=\"wp-element-caption\">Geological Engineering students during a field practical classes in Pomerania.<\/figcaption><\/figure>\n<\/div>\n\n\n\n<div class=\"wp-block-column bs-contact-right-column is-layout-flow wp-block-column-is-layout-flow\">\n<hr class=\"wp-block-separator has-text-color has-black-color has-css-opacity has-black-background-color has-background is-style-wide bs-border-kontakt\"\/>\n\n\n<h1 style=\"font-style:normal;font-weight:700;\" class=\"bs-naglowek-podstrony wp-block-post-title\">Candidates<\/h1>\n\n<div class=\"bs__links\">\r\n    <div class=\"bs__links__section\">\r\n        <ul class=\"bs__links__list\">\r\n                            <li class=\"bs__links__list__item\">\r\n                    <a href=\"geologia-i-stopnia-dla-kandydatow\" class=\"bs__links__list__item__link\">\r\n                        Geology &#8211; Bachelors degree \r\n                        <div class=\"bs__links__list__item__link__before__icon\">\r\n                            <div class=\"bs__links__list__item__link__icon\">\r\n                                <svg width=\"40px\" height=\"40px\" viewBox=\"0 0 22 16\" version=\"1.1\">\r\n                                <g stroke=\"none\" strokeWidth=\"1\" fill=\"black\" fillRule=\"evenodd\">\r\n                                    <g>\r\n                                    <polygon points=\"13.4875 0 12 1.6215 18.7875 8 12 14.3795 13.4875 16 21.9995 8\" \/>\r\n                                    <\/g>\r\n                                <\/g>\r\n                                <\/svg>\r\n                            <\/div>\r\n                        <\/div>\r\n                    <\/a>\r\n                <li>\r\n                            <li class=\"bs__links__list__item\">\r\n                    <a href=\"geologia-ii-stopnia-dla-kandydatow\" class=\"bs__links__list__item__link\">\r\n                        Geology &#8211; Masters degree \r\n                        <div class=\"bs__links__list__item__link__before__icon\">\r\n                            <div class=\"bs__links__list__item__link__icon\">\r\n                                <svg width=\"40px\" height=\"40px\" viewBox=\"0 0 22 16\" version=\"1.1\">\r\n                                <g stroke=\"none\" strokeWidth=\"1\" fill=\"black\" fillRule=\"evenodd\">\r\n                                    <g>\r\n                                    <polygon points=\"13.4875 0 12 1.6215 18.7875 8 12 14.3795 13.4875 16 21.9995 8\" \/>\r\n                                    <\/g>\r\n                                <\/g>\r\n                                <\/svg>\r\n                            <\/div>\r\n                        <\/div>\r\n                    <\/a>\r\n                <li>\r\n                            <li class=\"bs__links__list__item\">\r\n                    <a href=\"inzynieria-geologiczna-i-stopien-dla-kandydatow\" class=\"bs__links__list__item__link\">\r\n                        Engineering Geology \r\n                        <div class=\"bs__links__list__item__link__before__icon\">\r\n                            <div class=\"bs__links__list__item__link__icon\">\r\n                                <svg width=\"40px\" height=\"40px\" viewBox=\"0 0 22 16\" version=\"1.1\">\r\n                                <g stroke=\"none\" strokeWidth=\"1\" fill=\"black\" fillRule=\"evenodd\">\r\n                                    <g>\r\n                                    <polygon points=\"13.4875 0 12 1.6215 18.7875 8 12 14.3795 13.4875 16 21.9995 8\" \/>\r\n                                    <\/g>\r\n                                <\/g>\r\n                                <\/svg>\r\n                            <\/div>\r\n                        <\/div>\r\n                    <\/a>\r\n                <li>\r\n                            <li class=\"bs__links__list__item\">\r\n                    <a href=\"inzynieria-geologiczna-ii-stopien-dla-kandydatow\" class=\"bs__links__list__item__link\">\r\n                        Engineering Geology &#8211; Masters degree \r\n                        <div class=\"bs__links__list__item__link__before__icon\">\r\n                            <div class=\"bs__links__list__item__link__icon\">\r\n                                <svg width=\"40px\" height=\"40px\" viewBox=\"0 0 22 16\" version=\"1.1\">\r\n                                <g stroke=\"none\" strokeWidth=\"1\" fill=\"black\" fillRule=\"evenodd\">\r\n                                    <g>\r\n                                    <polygon points=\"13.4875 0 12 1.6215 18.7875 8 12 14.3795 13.4875 16 21.9995 8\" \/>\r\n                                    <\/g>\r\n                                <\/g>\r\n                                <\/svg>\r\n                            <\/div>\r\n                        <\/div>\r\n                    <\/a>\r\n                <li>\r\n                    <\/ul>\r\n    <\/div>\r\n<\/div>\n\n\n<div class=\"wp-block-stackable-spacer stk-block-spacer stk--no-padding stk-block stk-6476e94\" data-block-id=\"6476e94\"><style>.stk-6476e94{height:100px !important}<\/style><\/div>\n\n\n\n<figure class=\"wp-block-image aligncenter size-large\"><a href=\"#do-pobrania\"><img loading=\"lazy\" decoding=\"async\" width=\"77\" height=\"77\" src=\"https:\/\/ing.uwr.edu.pl\/wp-content\/uploads\/sites\/64\/\/2022\/06\/Group-609-1-3.svg\" alt=\"Strza\u0142ka w d\u00f3\u0142\" class=\"wp-image-22621\"\/><\/a><\/figure>\n<\/div>\n<\/div>\n\n\n\n<div class=\"wp-block-ugb-container ugb-container bs-news-page-under ugb-f8694ce ugb-container--v2 ugb-container--design-plain ugb-main-block\"><div class=\"ugb-inner-block\"><div class=\"ugb-block-content\"><div class=\"ugb-container__wrapper ugb-f8694ce-wrapper\"><div class=\"ugb-container__side\"><div class=\"ugb-container__content-wrapper ugb-f8694ce-content-wrapper\">\n<h2 class=\"wp-block-heading\" id=\"do-pobrania\"><strong>Download<\/strong><\/h2>\n\n\n<div class=\"wp-block-bonasoft-modular-file-list2\">\r\n    <div class=\"bs__file-list\">\r\n        <div class=\"bs__file-list__section\">\r\n            <ul class=\"bs__file-list__list\">\r\n                            <\/ul>\r\n        <\/div>\r\n    <\/div>\r\n<\/div>\r\n<\/div><\/div><\/div><\/div><\/div><\/div>\n<\/div><\/div><\/div><\/div><\/div><\/div>\n","protected":false},"excerpt":{"rendered":"<p>Download<\/p>\n","protected":false},"author":304,"featured_media":0,"parent":0,"menu_order":0,"comment_status":"closed","ping_status":"closed","template":"","meta":{"_acf_changed":false,"inline_featured_image":false,"site-sidebar-layout":"default","site-content-layout":"","ast-site-content-layout":"default","site-content-style":"default","site-sidebar-style":"default","ast-global-header-display":"","ast-banner-title-visibility":"","ast-main-header-display":"","ast-hfb-above-header-display":"","ast-hfb-below-header-display":"","ast-hfb-mobile-header-display":"","site-post-title":"","ast-breadcrumbs-content":"","ast-featured-img":"","footer-sml-layout":"","ast-disable-related-posts":"","theme-transparent-header-meta":"","adv-header-id-meta":"","stick-header-meta":"","header-above-stick-meta":"","header-main-stick-meta":"","header-below-stick-meta":"","astra-migrate-meta-layouts":"default","ast-page-background-enabled":"default","ast-page-background-meta":{"desktop":{"background-color":"var(--ast-global-color-5)","background-image":"","background-repeat":"repeat","background-position":"center center","background-size":"auto","background-attachment":"scroll","background-type":"","background-media":"","overlay-type":"","overlay-color":"","overlay-opacity":"","overlay-gradient":""},"tablet":{"background-color":"","background-image":"","background-repeat":"repeat","background-position":"center center","background-size":"auto","background-attachment":"scroll","background-type":"","background-media":"","overlay-type":"","overlay-color":"","overlay-opacity":"","overlay-gradient":""},"mobile":{"background-color":"","background-image":"","background-repeat":"repeat","background-position":"center center","background-size":"auto","background-attachment":"scroll","background-type":"","background-media":"","overlay-type":"","overlay-color":"","overlay-opacity":"","overlay-gradient":""}},"ast-content-background-meta":{"desktop":{"background-color":"var(--ast-global-color-4)","background-image":"","background-repeat":"repeat","background-position":"center center","background-size":"auto","background-attachment":"scroll","background-type":"","background-media":"","overlay-type":"","overlay-color":"","overlay-opacity":"","overlay-gradient":""},"tablet":{"background-color":"var(--ast-global-color-4)","background-image":"","background-repeat":"repeat","background-position":"center center","background-size":"auto","background-attachment":"scroll","background-type":"","background-media":"","overlay-type":"","overlay-color":"","overlay-opacity":"","overlay-gradient":""},"mobile":{"background-color":"var(--ast-global-color-4)","background-image":"","background-repeat":"repeat","background-position":"center center","background-size":"auto","background-attachment":"scroll","background-type":"","background-media":"","overlay-type":"","overlay-color":"","overlay-opacity":"","overlay-gradient":""}},"footnotes":""},"categories":[],"tags":[],"class_list":["post-33987","page","type-page","status-publish","hentry"],"featured_image_urls_v2":{"full":"","thumbnail":"","medium":"","medium_large":"","large":"","1536x1536":"","2048x2048":"","menu-24x24":"","menu-36x36":"","menu-48x48":""},"post_excerpt_stackable_v2":"<p>Geological Engineering students during a field practical classes in Pomerania. Candidates Geology &#8211; Bachelors degree Geology &#8211; Masters degree Engineering Geology Engineering Geology &#8211; Masters degree Download<\/p>\n","category_list_v2":"Uncategorized","author_info_v2":{"name":"klis","url":"https:\/\/ing.uwr.edu.pl\/en\/author\/klis\/"},"comments_num_v2":"0 comments","acf":[],"yoast_head":"<!-- This site is optimized with the Yoast SEO plugin v27.1.1 - https:\/\/yoast.com\/product\/yoast-seo-wordpress\/ -->\n<title>Candidates - Instytut Nauk Geologicznych<\/title>\n<meta name=\"robots\" content=\"index, follow, max-snippet:-1, max-image-preview:large, max-video-preview:-1\" \/>\n<link rel=\"canonical\" href=\"https:\/\/ing.uwr.edu.pl\/en\/candidates\/\" \/>\n<meta property=\"og:locale\" content=\"en_US\" \/>\n<meta property=\"og:type\" content=\"article\" \/>\n<meta property=\"og:title\" content=\"Candidates - Instytut Nauk Geologicznych\" \/>\n<meta property=\"og:description\" content=\"Download\" \/>\n<meta property=\"og:url\" content=\"https:\/\/ing.uwr.edu.pl\/en\/candidates\/\" \/>\n<meta property=\"og:site_name\" content=\"Instytut Nauk Geologicznych\" \/>\n<meta property=\"article:modified_time\" content=\"2023-09-13T11:03:42+00:00\" \/>\n<meta property=\"og:image\" content=\"https:\/\/ing.uwr.edu.pl\/wp-content\/uploads\/sites\/64\/2023\/05\/IMG_8183-1024x768.jpeg\" \/>\n<meta name=\"twitter:card\" content=\"summary_large_image\" \/>\n<meta name=\"twitter:label1\" content=\"Est. reading time\" \/>\n\t<meta name=\"twitter:data1\" content=\"1 minute\" \/>\n<script type=\"application\/ld+json\" class=\"yoast-schema-graph\">{\"@context\":\"https:\/\/schema.org\",\"@graph\":[{\"@type\":\"WebPage\",\"@id\":\"https:\/\/ing.uwr.edu.pl\/en\/candidates\/\",\"url\":\"https:\/\/ing.uwr.edu.pl\/en\/candidates\/\",\"name\":\"Candidates - Instytut Nauk Geologicznych\",\"isPartOf\":{\"@id\":\"https:\/\/ing.uwr.edu.pl\/#website\"},\"primaryImageOfPage\":{\"@id\":\"https:\/\/ing.uwr.edu.pl\/en\/candidates\/#primaryimage\"},\"image\":{\"@id\":\"https:\/\/ing.uwr.edu.pl\/en\/candidates\/#primaryimage\"},\"thumbnailUrl\":\"https:\/\/ing.uwr.edu.pl\/wp-content\/uploads\/sites\/64\/2023\/05\/IMG_8183-1024x768.jpeg\",\"datePublished\":\"2023-09-12T11:40:27+00:00\",\"dateModified\":\"2023-09-13T11:03:42+00:00\",\"breadcrumb\":{\"@id\":\"https:\/\/ing.uwr.edu.pl\/en\/candidates\/#breadcrumb\"},\"inLanguage\":\"en-US\",\"potentialAction\":[{\"@type\":\"ReadAction\",\"target\":[\"https:\/\/ing.uwr.edu.pl\/en\/candidates\/\"]}]},{\"@type\":\"ImageObject\",\"inLanguage\":\"en-US\",\"@id\":\"https:\/\/ing.uwr.edu.pl\/en\/candidates\/#primaryimage\",\"url\":\"https:\/\/ing.uwr.edu.pl\/wp-content\/uploads\/sites\/64\/2023\/05\/IMG_8183-1024x768.jpeg\",\"contentUrl\":\"https:\/\/ing.uwr.edu.pl\/wp-content\/uploads\/sites\/64\/2023\/05\/IMG_8183-1024x768.jpeg\"},{\"@type\":\"BreadcrumbList\",\"@id\":\"https:\/\/ing.uwr.edu.pl\/en\/candidates\/#breadcrumb\",\"itemListElement\":[{\"@type\":\"ListItem\",\"position\":1,\"name\":\"Strona g\u0142\u00f3wna\",\"item\":\"https:\/\/ing.uwr.edu.pl\/en\/\"},{\"@type\":\"ListItem\",\"position\":2,\"name\":\"Candidates\"}]},{\"@type\":\"WebSite\",\"@id\":\"https:\/\/ing.uwr.edu.pl\/#website\",\"url\":\"https:\/\/ing.uwr.edu.pl\/\",\"name\":\"Instytut Nauk Geologicznych\",\"description\":\"Kolejna witryna sieci \u201eUWR Witryny\u201d\",\"publisher\":{\"@id\":\"https:\/\/ing.uwr.edu.pl\/#organization\"},\"potentialAction\":[{\"@type\":\"SearchAction\",\"target\":{\"@type\":\"EntryPoint\",\"urlTemplate\":\"https:\/\/ing.uwr.edu.pl\/?s={search_term_string}\"},\"query-input\":{\"@type\":\"PropertyValueSpecification\",\"valueRequired\":true,\"valueName\":\"search_term_string\"}}],\"inLanguage\":\"en-US\"},{\"@type\":\"Organization\",\"@id\":\"https:\/\/ing.uwr.edu.pl\/#organization\",\"name\":\"Instytut Nauk Geologicznych\",\"url\":\"https:\/\/ing.uwr.edu.pl\/\",\"logo\":{\"@type\":\"ImageObject\",\"inLanguage\":\"en-US\",\"@id\":\"https:\/\/ing.uwr.edu.pl\/#\/schema\/logo\/image\/\",\"url\":\"https:\/\/ing.uwr.edu.pl\/wp-content\/uploads\/sites\/64\/2025\/10\/UWr-logotyp-2025.png\",\"contentUrl\":\"https:\/\/ing.uwr.edu.pl\/wp-content\/uploads\/sites\/64\/2025\/10\/UWr-logotyp-2025.png\",\"width\":764,\"height\":269,\"caption\":\"Instytut Nauk Geologicznych\"},\"image\":{\"@id\":\"https:\/\/ing.uwr.edu.pl\/#\/schema\/logo\/image\/\"}}]}<\/script>\n<!-- \/ Yoast SEO plugin. -->","yoast_head_json":{"title":"Candidates - Instytut Nauk Geologicznych","robots":{"index":"index","follow":"follow","max-snippet":"max-snippet:-1","max-image-preview":"max-image-preview:large","max-video-preview":"max-video-preview:-1"},"canonical":"https:\/\/ing.uwr.edu.pl\/en\/candidates\/","og_locale":"en_US","og_type":"article","og_title":"Candidates - Instytut Nauk Geologicznych","og_description":"Download","og_url":"https:\/\/ing.uwr.edu.pl\/en\/candidates\/","og_site_name":"Instytut Nauk Geologicznych","article_modified_time":"2023-09-13T11:03:42+00:00","og_image":[{"url":"https:\/\/ing.uwr.edu.pl\/wp-content\/uploads\/sites\/64\/2023\/05\/IMG_8183-1024x768.jpeg","type":"","width":"","height":""}],"twitter_card":"summary_large_image","twitter_misc":{"Est. reading time":"1 minute"},"schema":{"@context":"https:\/\/schema.org","@graph":[{"@type":"WebPage","@id":"https:\/\/ing.uwr.edu.pl\/en\/candidates\/","url":"https:\/\/ing.uwr.edu.pl\/en\/candidates\/","name":"Candidates - Instytut Nauk Geologicznych","isPartOf":{"@id":"https:\/\/ing.uwr.edu.pl\/#website"},"primaryImageOfPage":{"@id":"https:\/\/ing.uwr.edu.pl\/en\/candidates\/#primaryimage"},"image":{"@id":"https:\/\/ing.uwr.edu.pl\/en\/candidates\/#primaryimage"},"thumbnailUrl":"https:\/\/ing.uwr.edu.pl\/wp-content\/uploads\/sites\/64\/2023\/05\/IMG_8183-1024x768.jpeg","datePublished":"2023-09-12T11:40:27+00:00","dateModified":"2023-09-13T11:03:42+00:00","breadcrumb":{"@id":"https:\/\/ing.uwr.edu.pl\/en\/candidates\/#breadcrumb"},"inLanguage":"en-US","potentialAction":[{"@type":"ReadAction","target":["https:\/\/ing.uwr.edu.pl\/en\/candidates\/"]}]},{"@type":"ImageObject","inLanguage":"en-US","@id":"https:\/\/ing.uwr.edu.pl\/en\/candidates\/#primaryimage","url":"https:\/\/ing.uwr.edu.pl\/wp-content\/uploads\/sites\/64\/2023\/05\/IMG_8183-1024x768.jpeg","contentUrl":"https:\/\/ing.uwr.edu.pl\/wp-content\/uploads\/sites\/64\/2023\/05\/IMG_8183-1024x768.jpeg"},{"@type":"BreadcrumbList","@id":"https:\/\/ing.uwr.edu.pl\/en\/candidates\/#breadcrumb","itemListElement":[{"@type":"ListItem","position":1,"name":"Strona g\u0142\u00f3wna","item":"https:\/\/ing.uwr.edu.pl\/en\/"},{"@type":"ListItem","position":2,"name":"Candidates"}]},{"@type":"WebSite","@id":"https:\/\/ing.uwr.edu.pl\/#website","url":"https:\/\/ing.uwr.edu.pl\/","name":"Instytut Nauk Geologicznych","description":"Kolejna witryna sieci \u201eUWR Witryny\u201d","publisher":{"@id":"https:\/\/ing.uwr.edu.pl\/#organization"},"potentialAction":[{"@type":"SearchAction","target":{"@type":"EntryPoint","urlTemplate":"https:\/\/ing.uwr.edu.pl\/?s={search_term_string}"},"query-input":{"@type":"PropertyValueSpecification","valueRequired":true,"valueName":"search_term_string"}}],"inLanguage":"en-US"},{"@type":"Organization","@id":"https:\/\/ing.uwr.edu.pl\/#organization","name":"Instytut Nauk Geologicznych","url":"https:\/\/ing.uwr.edu.pl\/","logo":{"@type":"ImageObject","inLanguage":"en-US","@id":"https:\/\/ing.uwr.edu.pl\/#\/schema\/logo\/image\/","url":"https:\/\/ing.uwr.edu.pl\/wp-content\/uploads\/sites\/64\/2025\/10\/UWr-logotyp-2025.png","contentUrl":"https:\/\/ing.uwr.edu.pl\/wp-content\/uploads\/sites\/64\/2025\/10\/UWr-logotyp-2025.png","width":764,"height":269,"caption":"Instytut Nauk Geologicznych"},"image":{"@id":"https:\/\/ing.uwr.edu.pl\/#\/schema\/logo\/image\/"}}]}},"publishpress_future_action":{"enabled":false,"date":"2026-04-30 23:36:14","action":"change-status","newStatus":"draft","terms":[],"taxonomy":"category","extraData":[]},"publishpress_future_workflow_manual_trigger":{"enabledWorkflows":[]},"_links":{"self":[{"href":"https:\/\/ing.uwr.edu.pl\/en\/wp-json\/wp\/v2\/pages\/33987\/"}],"collection":[{"href":"https:\/\/ing.uwr.edu.pl\/en\/wp-json\/wp\/v2\/pages\/"}],"about":[{"href":"https:\/\/ing.uwr.edu.pl\/en\/wp-json\/wp\/v2\/types\/page\/"}],"author":[{"embeddable":true,"href":"https:\/\/ing.uwr.edu.pl\/en\/wp-json\/wp\/v2\/users\/304\/"}],"replies":[{"embeddable":true,"href":"https:\/\/ing.uwr.edu.pl\/en\/wp-json\/wp\/v2\/comments\/?post=33987"}],"version-history":[{"count":3,"href":"https:\/\/ing.uwr.edu.pl\/en\/wp-json\/wp\/v2\/pages\/33987\/revisions\/"}],"predecessor-version":[{"id":34404,"href":"https:\/\/ing.uwr.edu.pl\/en\/wp-json\/wp\/v2\/pages\/33987\/revisions\/34404\/"}],"wp:attachment":[{"href":"https:\/\/ing.uwr.edu.pl\/en\/wp-json\/wp\/v2\/media\/?parent=33987"}],"wp:term":[{"taxonomy":"category","embeddable":true,"href":"https:\/\/ing.uwr.edu.pl\/en\/wp-json\/wp\/v2\/categories\/?post=33987"},{"taxonomy":"post_tag","embeddable":true,"href":"https:\/\/ing.uwr.edu.pl\/en\/wp-json\/wp\/v2\/tags\/?post=33987"}],"curies":[{"name":"wp","href":"https:\/\/api.w.org\/{rel}","templated":true}]}}