{"id":33945,"date":"2023-03-28T19:16:00","date_gmt":"2023-03-28T17:16:00","guid":{"rendered":"https:\/\/ing.uwr.edu.pl\/department-of-physical-geology\/"},"modified":"2023-10-09T13:49:59","modified_gmt":"2023-10-09T11:49:59","slug":"department-of-physical-geology","status":"publish","type":"page","link":"https:\/\/ing.uwr.edu.pl\/en\/structure\/department-of-physical-geology\/","title":{"rendered":"Department of Physical Geology"},"content":{"rendered":"\n<div class=\"wp-block-ugb-container ugb-container blok_nowa_podstrona ugb-8dda971 ugb-container--v2 ugb-container--design-plain ugb-main-block\"><div class=\"ugb-inner-block\"><div class=\"ugb-block-content\"><div class=\"ugb-container__wrapper ugb-8dda971-wrapper\"><div class=\"ugb-container__side\"><div class=\"ugb-container__content-wrapper ugb-8dda971-content-wrapper\">\n<div class=\"wp-block-columns bs-news-page is-layout-flex wp-block-columns-is-layout-flex\">\n<div class=\"wp-block-column bs-kontakt-photo is-layout-flow wp-block-column-is-layout-flow\">\n<figure class=\"wp-block-gallery has-nested-images columns-default is-cropped wp-block-gallery-2 is-layout-flex wp-block-gallery-is-layout-flex\">\n<figure class=\"wp-block-image size-large\"><img loading=\"lazy\" decoding=\"async\" width=\"1324\" height=\"883\" data-id=\"29775\" src=\"https:\/\/ing.uwr.edu.pl\/wp-content\/uploads\/sites\/64\/2023\/04\/8d8eb3a7-8bc0-4c14-b101-4058cbfbe7a8.jpg\" alt=\"(ZGF)\" class=\"wp-image-29775\" srcset=\"https:\/\/ing.uwr.edu.pl\/wp-content\/uploads\/sites\/64\/2023\/04\/8d8eb3a7-8bc0-4c14-b101-4058cbfbe7a8.jpg 1324w, https:\/\/ing.uwr.edu.pl\/wp-content\/uploads\/sites\/64\/2023\/04\/8d8eb3a7-8bc0-4c14-b101-4058cbfbe7a8-300x200.jpg 300w, https:\/\/ing.uwr.edu.pl\/wp-content\/uploads\/sites\/64\/2023\/04\/8d8eb3a7-8bc0-4c14-b101-4058cbfbe7a8-1024x683.jpg 1024w, https:\/\/ing.uwr.edu.pl\/wp-content\/uploads\/sites\/64\/2023\/04\/8d8eb3a7-8bc0-4c14-b101-4058cbfbe7a8-768x512.jpg 768w, https:\/\/ing.uwr.edu.pl\/wp-content\/uploads\/sites\/64\/2023\/04\/8d8eb3a7-8bc0-4c14-b101-4058cbfbe7a8-1320x880.jpg 1320w, https:\/\/ing.uwr.edu.pl\/wp-content\/uploads\/sites\/64\/2023\/04\/8d8eb3a7-8bc0-4c14-b101-4058cbfbe7a8-24x16.jpg 24w, https:\/\/ing.uwr.edu.pl\/wp-content\/uploads\/sites\/64\/2023\/04\/8d8eb3a7-8bc0-4c14-b101-4058cbfbe7a8-36x24.jpg 36w, https:\/\/ing.uwr.edu.pl\/wp-content\/uploads\/sites\/64\/2023\/04\/8d8eb3a7-8bc0-4c14-b101-4058cbfbe7a8-48x32.jpg 48w\" sizes=\"auto, (max-width: 1324px) 100vw, 1324px\" \/><\/figure>\n<\/figure>\n<\/div>\n\n\n\n<div class=\"wp-block-column bs-contact-right-column is-layout-flow wp-block-column-is-layout-flow\">\n<hr class=\"wp-block-separator has-text-color has-black-color has-css-opacity has-black-background-color has-background is-style-wide bs-border-kontakt\"\/>\n\n\n\n<h2 class=\"wp-block-heading\"><strong>Department of Physical Geology<\/strong><\/h2>\n\n\n\n<p>The Department of Physical Geology was established in 1961. Its first head was Prof. Dr. J\u00f3zef Oberc. Subsequently, from 1990 to 2011, the head of the Department was Prof. Dr. Teresa Oberc-Dziedzic, and since 2011 the position has been held by Dr. hab. Jacek Szczepa\u0144ski.<\/p>\n\n\n\n<p><a href=\"http:\/\/zgf.ing.uni.wroc.pl\/\">Home page of the Department<\/a><\/p>\n\n\n\n<p><strong>Team composition<\/strong><\/p>\n\n\n\n<ul class=\"wp-block-list\">\n<li>Dr. hab. Jacek Szczepa\u0144ski, Prof. UWr \u2013 head of the department<\/li>\n\n\n\n<li>Prof. Dr. hab. Teresa Oberc-Dziedzic (professor emeritus)<\/li>\n\n\n\n<li>Dr. El\u017cbieta S\u0142odczyk (assistant professor)<\/li>\n\n\n\n<li>Dr. Dawid Bia\u0142ek (assistant professor)<\/li>\n\n\n\n<li>Dr. Stanislaw Madej (assistant professor)<\/li>\n\n\n\n<li>Dr. Grzegorz Ziemniak (assistant professor)<\/li>\n\n\n\n<li>Dr. Waldemar Sroka (senior lecturer)<\/li>\n\n\n\n<li>Ma\u0142gorzata Nowak, MA (PhD student)<\/li>\n\n\n\n<li>Kamil Bulcewicz, MA (PhD student)<\/li>\n<\/ul>\n<\/div>\n<\/div>\n\n\n\n<div class=\"wp-block-ugb-container ugb-container bs-news-page-under ugb-f8694ce ugb-container--v2 ugb-container--design-plain ugb-main-block\"><div class=\"ugb-inner-block\"><div class=\"ugb-block-content\"><div class=\"ugb-container__wrapper ugb-f8694ce-wrapper\"><div class=\"ugb-container__side\"><div class=\"ugb-container__content-wrapper ugb-f8694ce-content-wrapper\">\n<p><strong>The scientific projects carried out by the Department of Physical Geology cover a wide range of topics such as:<\/strong><\/p>\n\n\n\n<div class=\"wp-block-media-text alignwide has-media-on-the-right is-stacked-on-mobile\"><div class=\"wp-block-media-text__content\">\n<ul class=\"wp-block-list\">\n<li>tectonometamorphic evolution of orogens, which includes the reconstruction of PT paths of rock complexes based on thermodynamic modeling of the stability of mineral parageneses (mainly mica schists and metabasites), research on high-temperature and high-pressure metamorphism, studies on the rate of orogenic processes based on dating minerals formed during metamorphism and dating of syn-deformation magmatic intrusions, classical structural analysis, and microstructural analysis,<\/li>\n\n\n\n<li>analysis of paleotectonic environments based on the geochemistry of magmatic and sedimentary rocks,<\/li>\n\n\n\n<li>provenance analysis of detrital material based on the chemical composition of entire rocks and heavy minerals, especially the dating of detrital zircons,<\/li>\n\n\n\n<li>studies on the evolution of the continental crust: links between acidic plutonism and volcanic rocks,<\/li>\n\n\n\n<li>examination of the impact of magmatic intrusions on surrounding rocks,<\/li>\n\n\n\n<li>analysis of thermal conditions of acidic magmatic systems based on trace element composition in quartz,<\/li>\n\n\n\n<li>studies on the mechanisms of layering in granitoid intrusions based on combined microstructural and geochemical analyses,<\/li>\n\n\n\n<li>reconstructing paths of origin (identifying the magma source) and development (identifying processes) of acidic volcanic systems based on combined isotopic analyses and trace elements in accessory minerals.<\/li>\n<\/ul>\n<\/div><figure class=\"wp-block-media-text__media\"><a href=\"https:\/\/ing.uwr.edu.pl\/wp-content\/uploads\/sites\/64\/2023\/04\/ZGF-1992-1024x729.jpg\"><img loading=\"lazy\" decoding=\"async\" width=\"1024\" height=\"729\" src=\"https:\/\/ing.uwr.edu.pl\/wp-content\/uploads\/sites\/64\/2023\/04\/ZGF-1992-1024x729.jpg\" alt=\"ZGF 1992\" class=\"wp-image-28524 size-full\" srcset=\"https:\/\/ing.uwr.edu.pl\/wp-content\/uploads\/sites\/64\/2023\/04\/ZGF-1992-1024x729.jpg 1024w, https:\/\/ing.uwr.edu.pl\/wp-content\/uploads\/sites\/64\/2023\/04\/ZGF-1992-300x214.jpg 300w, https:\/\/ing.uwr.edu.pl\/wp-content\/uploads\/sites\/64\/2023\/04\/ZGF-1992-768x547.jpg 768w, https:\/\/ing.uwr.edu.pl\/wp-content\/uploads\/sites\/64\/2023\/04\/ZGF-1992-1536x1094.jpg 1536w, https:\/\/ing.uwr.edu.pl\/wp-content\/uploads\/sites\/64\/2023\/04\/ZGF-1992-1320x940.jpg 1320w, https:\/\/ing.uwr.edu.pl\/wp-content\/uploads\/sites\/64\/2023\/04\/ZGF-1992-24x17.jpg 24w, https:\/\/ing.uwr.edu.pl\/wp-content\/uploads\/sites\/64\/2023\/04\/ZGF-1992-36x26.jpg 36w, https:\/\/ing.uwr.edu.pl\/wp-content\/uploads\/sites\/64\/2023\/04\/ZGF-1992-48x34.jpg 48w, https:\/\/ing.uwr.edu.pl\/wp-content\/uploads\/sites\/64\/2023\/04\/ZGF-1992.jpg 1600w\" sizes=\"auto, (max-width: 1024px) 100vw, 1024px\" \/><\/a><\/figure><\/div>\n\n\n\n<div class=\"wp-block-stackable-spacer stk-block-spacer stk--no-padding stk-block stk-2831f8c\" data-block-id=\"2831f8c\"><\/div>\n\n\n\n<p><strong>In recent years, the Department&#8217;s staff have carried out the following research projects:<\/strong><\/p>\n\n\n\n<figure class=\"wp-block-table\"><table><tbody><tr><td>NCN OPUS No. 2015\/17\/B\/ST10\/02212<\/td><td><em>Recycling of a pre-Variscan continental crust during Variscan orogeny in the Kamieniec Metamorphic Complex and the Doboszowice Metamorphic Complex (Central Sudetes, Bohemian Massif<\/em>).<\/td><td>Head: Dr. hab. Jacek Szczepa\u0144ski<\/td><\/tr><tr><td>NCBR (project implemented under Polish-Norwegian funds) No. PL12-0109<\/td><td><em>Physicochemical effects of CO<sub>2<\/sub>sequestration in the Pomeranian gas bearing shales (SHALESEQ). We carried out a research package entitled: Microstructural and mineralogical studies of shales<\/em>.<\/td><td>Head of the research project Dr. hab. Jacek Szczepa\u0144ski<\/td><\/tr><tr><td>NCN PRELUDIUM (UMO-2013\/09\/N\/ST10\/00655)<\/td><td><em>Reconstruction of magmatic processes and evolution of continental crust in the western part of the Polish Lowland<\/em>.<\/td><td>Head: El\u017cbieta S\u0142odczyk<\/td><\/tr><\/tbody><\/table><\/figure>\n<\/div><\/div><\/div><\/div><\/div><\/div>\n\n\n\n<p>We teach classes in dynamic geology, microtectonics, microstructural analysis methods, among others.<\/p>\n<\/div><\/div><\/div><\/div><\/div><\/div>\n","protected":false},"excerpt":{"rendered":"<p>Department of Physical Geology The Department of Physical Geology was established in 1961. Its first head was Prof. Dr. J\u00f3zef [&hellip;]<\/p>\n","protected":false},"author":304,"featured_media":0,"parent":34065,"menu_order":6,"comment_status":"closed","ping_status":"closed","template":"","meta":{"_acf_changed":false,"inline_featured_image":false,"site-sidebar-layout":"default","site-content-layout":"","ast-site-content-layout":"default","site-content-style":"default","site-sidebar-style":"default","ast-global-header-display":"","ast-banner-title-visibility":"","ast-main-header-display":"","ast-hfb-above-header-display":"","ast-hfb-below-header-display":"","ast-hfb-mobile-header-display":"","site-post-title":"","ast-breadcrumbs-content":"","ast-featured-img":"","footer-sml-layout":"","ast-disable-related-posts":"","theme-transparent-header-meta":"","adv-header-id-meta":"","stick-header-meta":"","header-above-stick-meta":"","header-main-stick-meta":"","header-below-stick-meta":"","astra-migrate-meta-layouts":"default","ast-page-background-enabled":"default","ast-page-background-meta":{"desktop":{"background-color":"var(--ast-global-color-5)","background-image":"","background-repeat":"repeat","background-position":"center center","background-size":"auto","background-attachment":"scroll","background-type":"","background-media":"","overlay-type":"","overlay-color":"","overlay-opacity":"","overlay-gradient":""},"tablet":{"background-color":"","background-image":"","background-repeat":"repeat","background-position":"center center","background-size":"auto","background-attachment":"scroll","background-type":"","background-media":"","overlay-type":"","overlay-color":"","overlay-opacity":"","overlay-gradient":""},"mobile":{"background-color":"","background-image":"","background-repeat":"repeat","background-position":"center center","background-size":"auto","background-attachment":"scroll","background-type":"","background-media":"","overlay-type":"","overlay-color":"","overlay-opacity":"","overlay-gradient":""}},"ast-content-background-meta":{"desktop":{"background-color":"var(--ast-global-color-4)","background-image":"","background-repeat":"repeat","background-position":"center center","background-size":"auto","background-attachment":"scroll","background-type":"","background-media":"","overlay-type":"","overlay-color":"","overlay-opacity":"","overlay-gradient":""},"tablet":{"background-color":"var(--ast-global-color-4)","background-image":"","background-repeat":"repeat","background-position":"center center","background-size":"auto","background-attachment":"scroll","background-type":"","background-media":"","overlay-type":"","overlay-color":"","overlay-opacity":"","overlay-gradient":""},"mobile":{"background-color":"var(--ast-global-color-4)","background-image":"","background-repeat":"repeat","background-position":"center center","background-size":"auto","background-attachment":"scroll","background-type":"","background-media":"","overlay-type":"","overlay-color":"","overlay-opacity":"","overlay-gradient":""}},"footnotes":""},"categories":[],"tags":[],"class_list":["post-33945","page","type-page","status-publish","hentry"],"featured_image_urls_v2":{"full":"","thumbnail":"","medium":"","medium_large":"","large":"","1536x1536":"","2048x2048":"","menu-24x24":"","menu-36x36":"","menu-48x48":""},"post_excerpt_stackable_v2":"<p>Department of Physical Geology The Department of Physical Geology was established in 1961. Its first head was Prof. Dr. J\u00f3zef Oberc. Subsequently, from 1990 to 2011, the head of the Department was Prof. Dr. Teresa Oberc-Dziedzic, and since 2011 the position has been held by Dr. hab. Jacek Szczepa\u0144ski. Home page of the Department Team composition Dr. hab. Jacek Szczepa\u0144ski, Prof. UWr \u2013 head of the department Prof. Dr. hab. Teresa Oberc-Dziedzic (professor emeritus) Dr. El\u017cbieta S\u0142odczyk (assistant professor) Dr. Dawid Bia\u0142ek (assistant professor) Dr. Stanislaw Madej (assistant professor) Dr. Grzegorz Ziemniak (assistant professor) Dr. Waldemar Sroka (senior lecturer) Ma\u0142gorzata&hellip;<\/p>\n","category_list_v2":"Uncategorized","author_info_v2":{"name":"klis","url":"https:\/\/ing.uwr.edu.pl\/en\/author\/klis\/"},"comments_num_v2":"0 comments","acf":[],"yoast_head":"<!-- This site is optimized with the Yoast SEO plugin v27.1.1 - https:\/\/yoast.com\/product\/yoast-seo-wordpress\/ -->\n<title>Department of Physical Geology - Instytut Nauk Geologicznych<\/title>\n<meta name=\"description\" content=\"The Department of Physical Geology was established in 1961. Its first head was Prof. Dr. J\u00f3zef Oberc. Subsequently, from 1990 to 2011, the head of the Department was Prof. Dr. Teresa Oberc-Dziedzic, and since 2011 the position has been held by Dr. hab. Jacek Szczepa\u0144ski.\" \/>\n<meta name=\"robots\" content=\"index, follow, max-snippet:-1, max-image-preview:large, max-video-preview:-1\" \/>\n<link rel=\"canonical\" href=\"https:\/\/ing.uwr.edu.pl\/en\/structure\/department-of-physical-geology\/\" \/>\n<meta property=\"og:locale\" content=\"en_US\" \/>\n<meta property=\"og:type\" content=\"article\" \/>\n<meta property=\"og:title\" content=\"Department of Physical Geology - Instytut Nauk Geologicznych\" \/>\n<meta property=\"og:description\" content=\"The Department of Physical Geology was established in 1961. Its first head was Prof. Dr. J\u00f3zef Oberc. Subsequently, from 1990 to 2011, the head of the Department was Prof. Dr. Teresa Oberc-Dziedzic, and since 2011 the position has been held by Dr. hab. Jacek Szczepa\u0144ski.\" \/>\n<meta property=\"og:url\" content=\"https:\/\/ing.uwr.edu.pl\/en\/structure\/department-of-physical-geology\/\" \/>\n<meta property=\"og:site_name\" content=\"Instytut Nauk Geologicznych\" \/>\n<meta property=\"article:modified_time\" content=\"2023-10-09T11:49:59+00:00\" \/>\n<meta property=\"og:image\" content=\"https:\/\/ing.uwr.edu.pl\/wp-content\/uploads\/sites\/64\/2023\/04\/8d8eb3a7-8bc0-4c14-b101-4058cbfbe7a8.jpg\" \/>\n<meta name=\"twitter:card\" content=\"summary_large_image\" \/>\n<meta name=\"twitter:label1\" content=\"Est. reading time\" \/>\n\t<meta name=\"twitter:data1\" content=\"3 minutes\" \/>\n<script type=\"application\/ld+json\" class=\"yoast-schema-graph\">{\"@context\":\"https:\/\/schema.org\",\"@graph\":[{\"@type\":\"WebPage\",\"@id\":\"https:\/\/ing.uwr.edu.pl\/en\/structure\/department-of-physical-geology\/\",\"url\":\"https:\/\/ing.uwr.edu.pl\/en\/structure\/department-of-physical-geology\/\",\"name\":\"Department of Physical Geology - Instytut Nauk Geologicznych\",\"isPartOf\":{\"@id\":\"https:\/\/ing.uwr.edu.pl\/#website\"},\"primaryImageOfPage\":{\"@id\":\"https:\/\/ing.uwr.edu.pl\/en\/structure\/department-of-physical-geology\/#primaryimage\"},\"image\":{\"@id\":\"https:\/\/ing.uwr.edu.pl\/en\/structure\/department-of-physical-geology\/#primaryimage\"},\"thumbnailUrl\":\"https:\/\/ing.uwr.edu.pl\/wp-content\/uploads\/sites\/64\/2023\/04\/8d8eb3a7-8bc0-4c14-b101-4058cbfbe7a8.jpg\",\"datePublished\":\"2023-03-28T17:16:00+00:00\",\"dateModified\":\"2023-10-09T11:49:59+00:00\",\"description\":\"The Department of Physical Geology was established in 1961. Its first head was Prof. Dr. J\u00f3zef Oberc. Subsequently, from 1990 to 2011, the head of the Department was Prof. Dr. Teresa Oberc-Dziedzic, and since 2011 the position has been held by Dr. hab. Jacek Szczepa\u0144ski.\",\"breadcrumb\":{\"@id\":\"https:\/\/ing.uwr.edu.pl\/en\/structure\/department-of-physical-geology\/#breadcrumb\"},\"inLanguage\":\"en-US\",\"potentialAction\":[{\"@type\":\"ReadAction\",\"target\":[\"https:\/\/ing.uwr.edu.pl\/en\/structure\/department-of-physical-geology\/\"]}]},{\"@type\":\"ImageObject\",\"inLanguage\":\"en-US\",\"@id\":\"https:\/\/ing.uwr.edu.pl\/en\/structure\/department-of-physical-geology\/#primaryimage\",\"url\":\"https:\/\/ing.uwr.edu.pl\/wp-content\/uploads\/sites\/64\/2023\/04\/8d8eb3a7-8bc0-4c14-b101-4058cbfbe7a8.jpg\",\"contentUrl\":\"https:\/\/ing.uwr.edu.pl\/wp-content\/uploads\/sites\/64\/2023\/04\/8d8eb3a7-8bc0-4c14-b101-4058cbfbe7a8.jpg\"},{\"@type\":\"BreadcrumbList\",\"@id\":\"https:\/\/ing.uwr.edu.pl\/en\/structure\/department-of-physical-geology\/#breadcrumb\",\"itemListElement\":[{\"@type\":\"ListItem\",\"position\":1,\"name\":\"Strona g\u0142\u00f3wna\",\"item\":\"https:\/\/ing.uwr.edu.pl\/en\/\"},{\"@type\":\"ListItem\",\"position\":2,\"name\":\"Structure\",\"item\":\"https:\/\/ing.uwr.edu.pl\/en\/structure\/\"},{\"@type\":\"ListItem\",\"position\":3,\"name\":\"Department of Physical Geology\"}]},{\"@type\":\"WebSite\",\"@id\":\"https:\/\/ing.uwr.edu.pl\/#website\",\"url\":\"https:\/\/ing.uwr.edu.pl\/\",\"name\":\"Instytut Nauk Geologicznych\",\"description\":\"Kolejna witryna sieci \u201eUWR Witryny\u201d\",\"publisher\":{\"@id\":\"https:\/\/ing.uwr.edu.pl\/#organization\"},\"potentialAction\":[{\"@type\":\"SearchAction\",\"target\":{\"@type\":\"EntryPoint\",\"urlTemplate\":\"https:\/\/ing.uwr.edu.pl\/?s={search_term_string}\"},\"query-input\":{\"@type\":\"PropertyValueSpecification\",\"valueRequired\":true,\"valueName\":\"search_term_string\"}}],\"inLanguage\":\"en-US\"},{\"@type\":\"Organization\",\"@id\":\"https:\/\/ing.uwr.edu.pl\/#organization\",\"name\":\"Instytut Nauk Geologicznych\",\"url\":\"https:\/\/ing.uwr.edu.pl\/\",\"logo\":{\"@type\":\"ImageObject\",\"inLanguage\":\"en-US\",\"@id\":\"https:\/\/ing.uwr.edu.pl\/#\/schema\/logo\/image\/\",\"url\":\"https:\/\/ing.uwr.edu.pl\/wp-content\/uploads\/sites\/64\/2025\/10\/UWr-logotyp-2025.png\",\"contentUrl\":\"https:\/\/ing.uwr.edu.pl\/wp-content\/uploads\/sites\/64\/2025\/10\/UWr-logotyp-2025.png\",\"width\":764,\"height\":269,\"caption\":\"Instytut Nauk Geologicznych\"},\"image\":{\"@id\":\"https:\/\/ing.uwr.edu.pl\/#\/schema\/logo\/image\/\"}}]}<\/script>\n<!-- \/ Yoast SEO plugin. -->","yoast_head_json":{"title":"Department of Physical Geology - Instytut Nauk Geologicznych","description":"The Department of Physical Geology was established in 1961. Its first head was Prof. Dr. J\u00f3zef Oberc. Subsequently, from 1990 to 2011, the head of the Department was Prof. Dr. Teresa Oberc-Dziedzic, and since 2011 the position has been held by Dr. hab. Jacek Szczepa\u0144ski.","robots":{"index":"index","follow":"follow","max-snippet":"max-snippet:-1","max-image-preview":"max-image-preview:large","max-video-preview":"max-video-preview:-1"},"canonical":"https:\/\/ing.uwr.edu.pl\/en\/structure\/department-of-physical-geology\/","og_locale":"en_US","og_type":"article","og_title":"Department of Physical Geology - Instytut Nauk Geologicznych","og_description":"The Department of Physical Geology was established in 1961. Its first head was Prof. Dr. J\u00f3zef Oberc. Subsequently, from 1990 to 2011, the head of the Department was Prof. Dr. Teresa Oberc-Dziedzic, and since 2011 the position has been held by Dr. hab. Jacek Szczepa\u0144ski.","og_url":"https:\/\/ing.uwr.edu.pl\/en\/structure\/department-of-physical-geology\/","og_site_name":"Instytut Nauk Geologicznych","article_modified_time":"2023-10-09T11:49:59+00:00","og_image":[{"url":"https:\/\/ing.uwr.edu.pl\/wp-content\/uploads\/sites\/64\/2023\/04\/8d8eb3a7-8bc0-4c14-b101-4058cbfbe7a8.jpg","type":"","width":"","height":""}],"twitter_card":"summary_large_image","twitter_misc":{"Est. reading time":"3 minutes"},"schema":{"@context":"https:\/\/schema.org","@graph":[{"@type":"WebPage","@id":"https:\/\/ing.uwr.edu.pl\/en\/structure\/department-of-physical-geology\/","url":"https:\/\/ing.uwr.edu.pl\/en\/structure\/department-of-physical-geology\/","name":"Department of Physical Geology - Instytut Nauk Geologicznych","isPartOf":{"@id":"https:\/\/ing.uwr.edu.pl\/#website"},"primaryImageOfPage":{"@id":"https:\/\/ing.uwr.edu.pl\/en\/structure\/department-of-physical-geology\/#primaryimage"},"image":{"@id":"https:\/\/ing.uwr.edu.pl\/en\/structure\/department-of-physical-geology\/#primaryimage"},"thumbnailUrl":"https:\/\/ing.uwr.edu.pl\/wp-content\/uploads\/sites\/64\/2023\/04\/8d8eb3a7-8bc0-4c14-b101-4058cbfbe7a8.jpg","datePublished":"2023-03-28T17:16:00+00:00","dateModified":"2023-10-09T11:49:59+00:00","description":"The Department of Physical Geology was established in 1961. Its first head was Prof. Dr. J\u00f3zef Oberc. Subsequently, from 1990 to 2011, the head of the Department was Prof. Dr. Teresa Oberc-Dziedzic, and since 2011 the position has been held by Dr. hab. Jacek Szczepa\u0144ski.","breadcrumb":{"@id":"https:\/\/ing.uwr.edu.pl\/en\/structure\/department-of-physical-geology\/#breadcrumb"},"inLanguage":"en-US","potentialAction":[{"@type":"ReadAction","target":["https:\/\/ing.uwr.edu.pl\/en\/structure\/department-of-physical-geology\/"]}]},{"@type":"ImageObject","inLanguage":"en-US","@id":"https:\/\/ing.uwr.edu.pl\/en\/structure\/department-of-physical-geology\/#primaryimage","url":"https:\/\/ing.uwr.edu.pl\/wp-content\/uploads\/sites\/64\/2023\/04\/8d8eb3a7-8bc0-4c14-b101-4058cbfbe7a8.jpg","contentUrl":"https:\/\/ing.uwr.edu.pl\/wp-content\/uploads\/sites\/64\/2023\/04\/8d8eb3a7-8bc0-4c14-b101-4058cbfbe7a8.jpg"},{"@type":"BreadcrumbList","@id":"https:\/\/ing.uwr.edu.pl\/en\/structure\/department-of-physical-geology\/#breadcrumb","itemListElement":[{"@type":"ListItem","position":1,"name":"Strona g\u0142\u00f3wna","item":"https:\/\/ing.uwr.edu.pl\/en\/"},{"@type":"ListItem","position":2,"name":"Structure","item":"https:\/\/ing.uwr.edu.pl\/en\/structure\/"},{"@type":"ListItem","position":3,"name":"Department of Physical Geology"}]},{"@type":"WebSite","@id":"https:\/\/ing.uwr.edu.pl\/#website","url":"https:\/\/ing.uwr.edu.pl\/","name":"Instytut Nauk Geologicznych","description":"Kolejna witryna sieci \u201eUWR Witryny\u201d","publisher":{"@id":"https:\/\/ing.uwr.edu.pl\/#organization"},"potentialAction":[{"@type":"SearchAction","target":{"@type":"EntryPoint","urlTemplate":"https:\/\/ing.uwr.edu.pl\/?s={search_term_string}"},"query-input":{"@type":"PropertyValueSpecification","valueRequired":true,"valueName":"search_term_string"}}],"inLanguage":"en-US"},{"@type":"Organization","@id":"https:\/\/ing.uwr.edu.pl\/#organization","name":"Instytut Nauk Geologicznych","url":"https:\/\/ing.uwr.edu.pl\/","logo":{"@type":"ImageObject","inLanguage":"en-US","@id":"https:\/\/ing.uwr.edu.pl\/#\/schema\/logo\/image\/","url":"https:\/\/ing.uwr.edu.pl\/wp-content\/uploads\/sites\/64\/2025\/10\/UWr-logotyp-2025.png","contentUrl":"https:\/\/ing.uwr.edu.pl\/wp-content\/uploads\/sites\/64\/2025\/10\/UWr-logotyp-2025.png","width":764,"height":269,"caption":"Instytut Nauk Geologicznych"},"image":{"@id":"https:\/\/ing.uwr.edu.pl\/#\/schema\/logo\/image\/"}}]}},"publishpress_future_action":{"enabled":false,"date":"2026-05-01 06:37:46","action":"change-status","newStatus":"draft","terms":[],"taxonomy":"category","extraData":[]},"publishpress_future_workflow_manual_trigger":{"enabledWorkflows":[]},"_links":{"self":[{"href":"https:\/\/ing.uwr.edu.pl\/en\/wp-json\/wp\/v2\/pages\/33945\/"}],"collection":[{"href":"https:\/\/ing.uwr.edu.pl\/en\/wp-json\/wp\/v2\/pages\/"}],"about":[{"href":"https:\/\/ing.uwr.edu.pl\/en\/wp-json\/wp\/v2\/types\/page\/"}],"author":[{"embeddable":true,"href":"https:\/\/ing.uwr.edu.pl\/en\/wp-json\/wp\/v2\/users\/304\/"}],"replies":[{"embeddable":true,"href":"https:\/\/ing.uwr.edu.pl\/en\/wp-json\/wp\/v2\/comments\/?post=33945"}],"version-history":[{"count":3,"href":"https:\/\/ing.uwr.edu.pl\/en\/wp-json\/wp\/v2\/pages\/33945\/revisions\/"}],"predecessor-version":[{"id":36009,"href":"https:\/\/ing.uwr.edu.pl\/en\/wp-json\/wp\/v2\/pages\/33945\/revisions\/36009\/"}],"up":[{"embeddable":true,"href":"https:\/\/ing.uwr.edu.pl\/en\/wp-json\/wp\/v2\/pages\/34065\/"}],"wp:attachment":[{"href":"https:\/\/ing.uwr.edu.pl\/en\/wp-json\/wp\/v2\/media\/?parent=33945"}],"wp:term":[{"taxonomy":"category","embeddable":true,"href":"https:\/\/ing.uwr.edu.pl\/en\/wp-json\/wp\/v2\/categories\/?post=33945"},{"taxonomy":"post_tag","embeddable":true,"href":"https:\/\/ing.uwr.edu.pl\/en\/wp-json\/wp\/v2\/tags\/?post=33945"}],"curies":[{"name":"wp","href":"https:\/\/api.w.org\/{rel}","templated":true}]}}