{"id":33528,"date":"2022-08-09T11:00:55","date_gmt":"2022-08-09T09:00:55","guid":{"rendered":"https:\/\/ing.uwr.edu.pl\/k-maslankiewicz-mineralogical-museum\/"},"modified":"2024-12-10T16:03:46","modified_gmt":"2024-12-10T15:03:46","slug":"k-maslankiewicz-mineralogical-museum","status":"publish","type":"page","link":"https:\/\/ing.uwr.edu.pl\/en\/k-maslankiewicz-mineralogical-museum\/","title":{"rendered":"Mineralogical Museum"},"content":{"rendered":"\n<div class=\"wp-block-ugb-container ugb-container blok_nowa_podstrona ugb-8dda971 ugb-container--v2 ugb-container--design-plain ugb-main-block\"><div class=\"ugb-inner-block\"><div class=\"ugb-block-content\"><div class=\"ugb-container__wrapper ugb-8dda971-wrapper\"><div class=\"ugb-container__side\"><div class=\"ugb-container__content-wrapper ugb-8dda971-content-wrapper\">\n<div class=\"wp-block-columns bs-news-page is-layout-flex wp-block-columns-is-layout-flex\">\n<div class=\"wp-block-column bs-kontakt-photo is-layout-flow wp-block-column-is-layout-flow\">\n<figure class=\"wp-block-image aligncenter size-large is-style-default\"><img loading=\"lazy\" decoding=\"async\" width=\"1024\" height=\"1024\" src=\"https:\/\/ing.uwr.edu.pl\/wp-content\/uploads\/sites\/64\/2022\/08\/DSC_6168-2-1024x1024.jpg\" alt=\"Mineralogical Museum\" class=\"wp-image-24735\" srcset=\"https:\/\/ing.uwr.edu.pl\/wp-content\/uploads\/sites\/64\/2022\/08\/DSC_6168-2-1024x1024.jpg 1024w, https:\/\/ing.uwr.edu.pl\/wp-content\/uploads\/sites\/64\/2022\/08\/DSC_6168-2-300x300.jpg 300w, https:\/\/ing.uwr.edu.pl\/wp-content\/uploads\/sites\/64\/2022\/08\/DSC_6168-2-150x150.jpg 150w, https:\/\/ing.uwr.edu.pl\/wp-content\/uploads\/sites\/64\/2022\/08\/DSC_6168-2-768x768.jpg 768w, https:\/\/ing.uwr.edu.pl\/wp-content\/uploads\/sites\/64\/2022\/08\/DSC_6168-2-1536x1536.jpg 1536w, https:\/\/ing.uwr.edu.pl\/wp-content\/uploads\/sites\/64\/2022\/08\/DSC_6168-2-1320x1320.jpg 1320w, https:\/\/ing.uwr.edu.pl\/wp-content\/uploads\/sites\/64\/2022\/08\/DSC_6168-2-24x24.jpg 24w, https:\/\/ing.uwr.edu.pl\/wp-content\/uploads\/sites\/64\/2022\/08\/DSC_6168-2-36x36.jpg 36w, https:\/\/ing.uwr.edu.pl\/wp-content\/uploads\/sites\/64\/2022\/08\/DSC_6168-2-48x48.jpg 48w, https:\/\/ing.uwr.edu.pl\/wp-content\/uploads\/sites\/64\/2022\/08\/DSC_6168-2.jpg 1600w\" sizes=\"auto, (max-width: 1024px) 100vw, 1024px\" \/><\/figure>\n<\/div>\n\n\n\n<div class=\"wp-block-column bs-contact-right-column is-layout-flow wp-block-column-is-layout-flow\">\n<div class=\"wp-block-bonasoft-modular-breadcrumbs-block\"><div class=\"bs_add_breadcrumb_trail\"><\/div><\/div>\n\n\n\n<hr class=\"wp-block-separator has-text-color has-black-color has-css-opacity has-black-background-color has-background is-style-wide bs-border-kontakt\"\/>\n\n\n<h2 style=\"font-style:normal;font-weight:700;\" class=\"bs-naglowek-podstrony wp-block-post-title\">Mineralogical Museum<\/h2>\n\n\n<p><span style=\"color: #fd0000;\" class=\"stk-highlight\"><strong>Attention!<\/strong><br>As of March 1, 2022, Branches of the Mineralogical Museum will be open only to individual visitors. The possibility of guided tours will remain temporarily unavailable.<\/span><\/p>\n<\/div>\n<\/div>\n\n\n\n<div class=\"wp-block-columns is-layout-flex wp-block-columns-is-layout-flex\">\n<div class=\"wp-block-column is-layout-flow wp-block-column-is-layout-flow\" style=\"flex-basis:66.66%\">\n<div class=\"wp-block-columns is-layout-flex wp-block-columns-is-layout-flex\">\n<div class=\"wp-block-column is-layout-flow wp-block-column-is-layout-flow\">\n<h3 class=\"wp-block-heading\"><strong>Addresses<\/strong><\/h3>\n\n\n\n<p>Mineralogical Museum<br>ul. Cybulskiego 30<br>50-205 Wroc\u0142aw<br>tel. (071) 3759206<\/p>\n\n\n\n<p>Branch of the Mineralogical Museum<br>ul. Ku\u017anicza 22<br>50-138 Wroc\u0142aw<br>tel. (071) 3752668<\/p>\n\n\n\n<p>e-mail address: <a href=\"mailto:muz.min@uwr.edu.pl\">muz.min@uwr.edu.pl<\/a><\/p>\n<\/div>\n\n\n\n<div class=\"wp-block-column is-layout-flow wp-block-column-is-layout-flow\">\n<h3 class=\"wp-block-heading\"><strong>Opening hours<\/strong><\/h3>\n\n\n\n<p>ul. Cybulskiego 30<br>Monday &#8211; Friday from 10.00 to 15.30<\/p>\n\n\n\n<div style=\"height:70px\" aria-hidden=\"true\" class=\"wp-block-spacer\"><\/div>\n\n\n\n<p>ul. Ku\u017anicza 22<br>Monday &#8211; Saturday from 10.00 to 15.30.<\/p>\n<\/div>\n<\/div>\n\n\n\n<h3 class=\"wp-block-heading\"><strong>Ticket prices and other fees<\/strong><\/h3>\n\n\n\n<p>normal ticket &#8211; PLN 10<\/p>\n\n\n\n<p>reduced ticket &#8211; PLN 5 (schoolchildren, students, retirees, pensioners)<\/p>\n\n\n\n<p>family ticket &#8211; PLN 20 (2 adults and at least 2 minors)<\/p>\n\n\n\n<p>fee for a guided tour &#8211; PLN 50<\/p>\n<\/div>\n\n\n\n<div class=\"wp-block-column is-layout-flow wp-block-column-is-layout-flow\" style=\"flex-basis:33.33%\">\n<figure class=\"wp-block-image size-full\"><img loading=\"lazy\" decoding=\"async\" width=\"543\" height=\"543\" src=\"https:\/\/ing.uwr.edu.pl\/wp-content\/uploads\/sites\/64\/2022\/08\/mapa.jpg\" alt=\"Map of Museum Branches\" class=\"wp-image-24035\" srcset=\"https:\/\/ing.uwr.edu.pl\/wp-content\/uploads\/sites\/64\/2022\/08\/mapa.jpg 543w, https:\/\/ing.uwr.edu.pl\/wp-content\/uploads\/sites\/64\/2022\/08\/mapa-300x300.jpg 300w, https:\/\/ing.uwr.edu.pl\/wp-content\/uploads\/sites\/64\/2022\/08\/mapa-150x150.jpg 150w, https:\/\/ing.uwr.edu.pl\/wp-content\/uploads\/sites\/64\/2022\/08\/mapa-24x24.jpg 24w, https:\/\/ing.uwr.edu.pl\/wp-content\/uploads\/sites\/64\/2022\/08\/mapa-36x36.jpg 36w, https:\/\/ing.uwr.edu.pl\/wp-content\/uploads\/sites\/64\/2022\/08\/mapa-48x48.jpg 48w\" sizes=\"auto, (max-width: 543px) 100vw, 543px\" \/><\/figure>\n<\/div>\n<\/div>\n\n\n\n<h3 class=\"wp-block-heading\"><strong>History of the Museum<\/strong><\/h3>\n\n\n\n<p>The establishment of a secular university in Wroc\u0142aw in 1811 marked the beginning of the Chair of Geognosy (as geology was called back then) and the Mineralogical Cabinet as its auxiliary workshop. Professor Karol von Raumer was appointed as the head of the Cabinet. The initial collection was an incomplete set of minerals from the Higher Mining Office in Wroc\u0142aw, which was transformed in 1812 into a small set for educational purposes placed in a rented space. Further development of the Mineralogical Cabinet occurred in 1815 when an excellent collection was purchased from the collector Mender from Freiberg. Over the following years, the collections expanded with minerals, rocks, and fossils, primarily from Lower Silesia, due to the growth of geological research conducted at the University of Wroc\u0142aw and collaboration with the Higher Mining Office in Wroc\u0142aw. A very valuable collection of Silesian minerals was donated by Prof. Martin Websky, a graduate of Wroc\u0142aw&#8217;s geology. Due to the dynamic development of the Cabinet, it was renamed the Mineralogical Museum of the University of Wroc\u0142aw in 1880 and became an independent scientific institution in 1897.<\/p>\n\n\n\n<p>At the end of World War II, to protect the collections, they were evacuated from Wroc\u0142aw and deposited in churches in Strzegom and \u015awierzawa. After the war and the assumption of control over the University of Wroc\u0142aw by Polish authorities in 1946, efforts by Prof. Kazimierz Ma\u015blankiewicz and Assoc. Prof. Edward Zubik led to the retrieval of the mineral collection stored in \u015awierzawa. Meanwhile, the collection from Strzegom was transported to Warsaw and incorporated into the collection of the Museum of the Earth, Polish Academy of Sciences. Until 1961, only temporary work was done on organizing the specimens. The following years of hard work by the team under the direction of Dr. Maria Witkiewicz and Mr. Micha\u0142 Sachanbi\u0144ski allowed the Mineralogical Museum&#8217;s collections to be opened and made available to the public in June 1966.<\/p>\n\n\n\n<p>Currently, the collections of the Mineralogical Museum consist of approximately 30,000 mineral specimens from around the world. The foundation of these collections dates back to the specimens gathered before 1945. The post-war years saw the addition and enrichment of the collections with new specimens, primarily collected from the territory of Poland.<\/p>\n\n\n\r\n<div class=\"bs_block__container\">\r\n    <a title=\"Learn more about history of the Museum\" class=\"button2__link\" href=\"https:\/\/ing.uwr.edu.pl\/en\/k-maslankiewicz-mineralogical-museum\/history-of-the-mineralogy-museum\/\">\r\n        <div class=\"button2\">\r\n            <span class=\"c-button__arrow2\">\r\n                <svg class=\"c-arrow2\" width=\"40px\" height=\"40px\" alt=\"\" viewBox=\"0 0 22 16\" version=\"1.1\">\r\n                    <g class=\"c-arrow__g2\" stroke=\"none\" strokeWidth=\"1\" fill=\"none\" fillRule=\"evenodd\">\r\n                        <g class=\"c-arrow__g2\">\r\n                            <rect id=\"c-arrow__rect2\" x=\"0\" y=\"7\" width=\"20\" height=\"2\" transform=\"scale(0,1)\" \/>\r\n                            <polygon points=\"13.4875 0 12 1.6215 18.7875 8 12 14.3795 13.4875 16 21.9995 8\" \/>\r\n                        <\/g>\r\n                    <\/g>\r\n                <\/svg>\r\n            <\/span>\r\n            <span class=\"c-button__inner2\">Learn more about history of the Museum<\/span>\r\n        <\/div>\r\n    <\/a>\r\n<\/div>\n\n\r\n<div class=\"bs_block__container\">\r\n    <a title=\"Current schedule of mineral exhibitions\" class=\"button2__link\" href=\"https:\/\/ing.uwr.edu.pl\/wp-content\/uploads\/sites\/64\/2023\/06\/2023.06.07_Gieldy-HP-2023_A4_.pdf\">\r\n        <div class=\"button2\">\r\n            <span class=\"c-button__arrow2\">\r\n                <svg class=\"c-arrow2\" width=\"40px\" height=\"40px\" alt=\"\" viewBox=\"0 0 22 16\" version=\"1.1\">\r\n                    <g class=\"c-arrow__g2\" stroke=\"none\" strokeWidth=\"1\" fill=\"none\" fillRule=\"evenodd\">\r\n                        <g class=\"c-arrow__g2\">\r\n                            <rect id=\"c-arrow__rect2\" x=\"0\" y=\"7\" width=\"20\" height=\"2\" transform=\"scale(0,1)\" \/>\r\n                            <polygon points=\"13.4875 0 12 1.6215 18.7875 8 12 14.3795 13.4875 16 21.9995 8\" \/>\r\n                        <\/g>\r\n                    <\/g>\r\n                <\/svg>\r\n            <\/span>\r\n            <span class=\"c-button__inner2\">Current schedule of mineral exhibitions<\/span>\r\n        <\/div>\r\n    <\/a>\r\n<\/div>\n\n\n<div class=\"wp-block-stackable-divider stk-block-divider stk-block stk-f2abc00\" data-block-id=\"f2abc00\"><hr class=\"stk-block-divider__hr\"\/><\/div>\n\n\n\n<h3 class=\"wp-block-heading\"><strong>Employees of the Mineralogical Museum<\/strong><\/h3>\n\n\n\n<div class=\"wp-block-columns is-layout-flex wp-block-columns-is-layout-flex\">\n<div class=\"wp-block-column is-layout-flow wp-block-column-is-layout-flow\">\n<p>&#8211;&nbsp;<a href=\"mailto:piotr.gunia@uwr.edu.pl\">dr hab. prof. UWr. Piotr Kazimierz Gunia<\/a>&nbsp;&#8211; manager<\/p>\n\n\n\n<p>&#8211; <a href=\"mailto:joanna.girulska-michalik@uwr.edu.pl\">Joanna Girulska-Michalik, MSc.<\/a>&#8211; senior specialist geologist<\/p>\n\n\n\n<p>&#8211; <a href=\"mailto:edyta.lobocka@uwr.edu.pl\">dr. Edyta \u0141obocka<\/a>&#8211; senior specialist geologist<\/p>\n\n\n\n<p>&#8211; <a href=\"mailto:jacek.bogdanski@uwr.edu.pl\">Jacek Bogdanski, MSc.<\/a> &#8211; senior specialist geologist<\/p>\n\n\n\n<p>&#8211; <a href=\"mailto:antoni.stryjewski@uwr.edu.pl\">Antoni Stryjewski, MSc.<\/a>&#8211; senior documentalist<\/p>\n<\/div>\n\n\n\n<div class=\"wp-block-column is-layout-flow wp-block-column-is-layout-flow\"><\/div>\n<\/div>\n\n\n\n<div class=\"wp-block-ugb-container ugb-container bs-news-page-under ugb-f8694ce ugb-container--v2 ugb-container--design-plain ugb-main-block\"><div class=\"ugb-inner-block\"><div class=\"ugb-block-content\"><div class=\"ugb-container__wrapper ugb-f8694ce-wrapper\"><div class=\"ugb-container__side\"><div class=\"ugb-container__content-wrapper ugb-f8694ce-content-wrapper\"><\/div><\/div><\/div><\/div><\/div><\/div>\n<\/div><\/div><\/div><\/div><\/div><\/div>\n","protected":false},"excerpt":{"rendered":"<p>Attention!As of March 1, 2022, Branches of the Mineralogical Museum will be open only to individual visitors. The possibility of [&hellip;]<\/p>\n","protected":false},"author":304,"featured_media":0,"parent":0,"menu_order":0,"comment_status":"closed","ping_status":"closed","template":"","meta":{"_acf_changed":false,"inline_featured_image":false,"site-sidebar-layout":"default","site-content-layout":"","ast-site-content-layout":"default","site-content-style":"default","site-sidebar-style":"default","ast-global-header-display":"","ast-banner-title-visibility":"","ast-main-header-display":"","ast-hfb-above-header-display":"","ast-hfb-below-header-display":"","ast-hfb-mobile-header-display":"","site-post-title":"","ast-breadcrumbs-content":"","ast-featured-img":"","footer-sml-layout":"","ast-disable-related-posts":"","theme-transparent-header-meta":"","adv-header-id-meta":"","stick-header-meta":"","header-above-stick-meta":"","header-main-stick-meta":"","header-below-stick-meta":"","astra-migrate-meta-layouts":"set","ast-page-background-enabled":"default","ast-page-background-meta":{"desktop":{"background-color":"var(--ast-global-color-5)","background-image":"","background-repeat":"repeat","background-position":"center center","background-size":"auto","background-attachment":"scroll","background-type":"","background-media":"","overlay-type":"","overlay-color":"","overlay-opacity":"","overlay-gradient":""},"tablet":{"background-color":"","background-image":"","background-repeat":"repeat","background-position":"center center","background-size":"auto","background-attachment":"scroll","background-type":"","background-media":"","overlay-type":"","overlay-color":"","overlay-opacity":"","overlay-gradient":""},"mobile":{"background-color":"","background-image":"","background-repeat":"repeat","background-position":"center center","background-size":"auto","background-attachment":"scroll","background-type":"","background-media":"","overlay-type":"","overlay-color":"","overlay-opacity":"","overlay-gradient":""}},"ast-content-background-meta":{"desktop":{"background-color":"var(--ast-global-color-4)","background-image":"","background-repeat":"repeat","background-position":"center center","background-size":"auto","background-attachment":"scroll","background-type":"","background-media":"","overlay-type":"","overlay-color":"","overlay-opacity":"","overlay-gradient":""},"tablet":{"background-color":"var(--ast-global-color-4)","background-image":"","background-repeat":"repeat","background-position":"center center","background-size":"auto","background-attachment":"scroll","background-type":"","background-media":"","overlay-type":"","overlay-color":"","overlay-opacity":"","overlay-gradient":""},"mobile":{"background-color":"var(--ast-global-color-4)","background-image":"","background-repeat":"repeat","background-position":"center center","background-size":"auto","background-attachment":"scroll","background-type":"","background-media":"","overlay-type":"","overlay-color":"","overlay-opacity":"","overlay-gradient":""}},"footnotes":""},"categories":[],"tags":[],"class_list":["post-33528","page","type-page","status-publish","hentry"],"featured_image_urls_v2":{"full":"","thumbnail":"","medium":"","medium_large":"","large":"","1536x1536":"","2048x2048":"","menu-24x24":"","menu-36x36":"","menu-48x48":""},"post_excerpt_stackable_v2":"<p>Mineralogical Museum Attention!As of March 1, 2022, Branches of the Mineralogical Museum will be open only to individual visitors. The possibility of guided tours will remain temporarily unavailable. Addresses Mineralogical Museumul. Cybulskiego 3050-205 Wroc\u0142awtel. (071) 3759206 Branch of the Mineralogical Museumul. Ku\u017anicza 2250-138 Wroc\u0142awtel. (071) 3752668 e-mail address: muz.min@uwr.edu.pl Opening hours ul. Cybulskiego 30Monday &#8211; Friday from 10.00 to 15.30 ul. Ku\u017anicza 22Monday &#8211; Saturday from 10.00 to 15.30. Ticket prices and other fees normal ticket &#8211; PLN 10 reduced ticket &#8211; PLN 5 (schoolchildren, students, retirees, pensioners) family ticket &#8211; PLN 20 (2 adults and at least 2 minors)&hellip;<\/p>\n","category_list_v2":"Uncategorized","author_info_v2":{"name":"klis","url":"https:\/\/ing.uwr.edu.pl\/en\/author\/klis\/"},"comments_num_v2":"0 comments","acf":[],"yoast_head":"<!-- This site is optimized with the Yoast SEO plugin v27.1.1 - https:\/\/yoast.com\/product\/yoast-seo-wordpress\/ -->\n<title>Mineralogical Museum -<\/title>\n<meta name=\"description\" content=\"The establishment of a secular university in Wroc\u0142aw in 1811 marked the beginning of the Chair of Geognosy (as geology was called back then) and the Mineralogical Cabinet as its auxiliary workshop. Professor Karol von Raumer was appointed as the head of the Cabinet.\" \/>\n<meta name=\"robots\" content=\"index, follow, max-snippet:-1, max-image-preview:large, max-video-preview:-1\" \/>\n<link rel=\"canonical\" href=\"https:\/\/ing.uwr.edu.pl\/en\/k-maslankiewicz-mineralogical-museum\/\" \/>\n<meta property=\"og:locale\" content=\"en_US\" \/>\n<meta property=\"og:type\" content=\"article\" \/>\n<meta property=\"og:title\" content=\"Mineralogical Museum -\" \/>\n<meta property=\"og:description\" content=\"The establishment of a secular university in Wroc\u0142aw in 1811 marked the beginning of the Chair of Geognosy (as geology was called back then) and the Mineralogical Cabinet as its auxiliary workshop. Professor Karol von Raumer was appointed as the head of the Cabinet.\" \/>\n<meta property=\"og:url\" content=\"https:\/\/ing.uwr.edu.pl\/en\/k-maslankiewicz-mineralogical-museum\/\" \/>\n<meta property=\"og:site_name\" content=\"Instytut Nauk Geologicznych\" \/>\n<meta property=\"article:modified_time\" content=\"2024-12-10T15:03:46+00:00\" \/>\n<meta property=\"og:image\" content=\"https:\/\/ing.uwr.edu.pl\/wp-content\/uploads\/sites\/64\/2022\/08\/DSC_6168-2.jpg\" \/>\n\t<meta property=\"og:image:width\" content=\"1600\" \/>\n\t<meta property=\"og:image:height\" content=\"1600\" \/>\n\t<meta property=\"og:image:type\" content=\"image\/jpeg\" \/>\n<meta name=\"twitter:card\" content=\"summary_large_image\" \/>\n<meta name=\"twitter:label1\" content=\"Est. reading time\" \/>\n\t<meta name=\"twitter:data1\" content=\"4 minutes\" \/>\n<script type=\"application\/ld+json\" class=\"yoast-schema-graph\">{\"@context\":\"https:\/\/schema.org\",\"@graph\":[{\"@type\":\"WebPage\",\"@id\":\"https:\/\/ing.uwr.edu.pl\/en\/k-maslankiewicz-mineralogical-museum\/\",\"url\":\"https:\/\/ing.uwr.edu.pl\/en\/k-maslankiewicz-mineralogical-museum\/\",\"name\":\"Mineralogical Museum -\",\"isPartOf\":{\"@id\":\"https:\/\/ing.uwr.edu.pl\/#website\"},\"primaryImageOfPage\":{\"@id\":\"https:\/\/ing.uwr.edu.pl\/en\/k-maslankiewicz-mineralogical-museum\/#primaryimage\"},\"image\":{\"@id\":\"https:\/\/ing.uwr.edu.pl\/en\/k-maslankiewicz-mineralogical-museum\/#primaryimage\"},\"thumbnailUrl\":\"https:\/\/ing.uwr.edu.pl\/wp-content\/uploads\/sites\/64\/2022\/08\/DSC_6168-2-1024x1024.jpg\",\"datePublished\":\"2022-08-09T09:00:55+00:00\",\"dateModified\":\"2024-12-10T15:03:46+00:00\",\"description\":\"The establishment of a secular university in Wroc\u0142aw in 1811 marked the beginning of the Chair of Geognosy (as geology was called back then) and the Mineralogical Cabinet as its auxiliary workshop. Professor Karol von Raumer was appointed as the head of the Cabinet.\",\"breadcrumb\":{\"@id\":\"https:\/\/ing.uwr.edu.pl\/en\/k-maslankiewicz-mineralogical-museum\/#breadcrumb\"},\"inLanguage\":\"en-US\",\"potentialAction\":[{\"@type\":\"ReadAction\",\"target\":[\"https:\/\/ing.uwr.edu.pl\/en\/k-maslankiewicz-mineralogical-museum\/\"]}]},{\"@type\":\"ImageObject\",\"inLanguage\":\"en-US\",\"@id\":\"https:\/\/ing.uwr.edu.pl\/en\/k-maslankiewicz-mineralogical-museum\/#primaryimage\",\"url\":\"https:\/\/ing.uwr.edu.pl\/wp-content\/uploads\/sites\/64\/2022\/08\/DSC_6168-2-1024x1024.jpg\",\"contentUrl\":\"https:\/\/ing.uwr.edu.pl\/wp-content\/uploads\/sites\/64\/2022\/08\/DSC_6168-2-1024x1024.jpg\"},{\"@type\":\"BreadcrumbList\",\"@id\":\"https:\/\/ing.uwr.edu.pl\/en\/k-maslankiewicz-mineralogical-museum\/#breadcrumb\",\"itemListElement\":[{\"@type\":\"ListItem\",\"position\":1,\"name\":\"Strona g\u0142\u00f3wna\",\"item\":\"https:\/\/ing.uwr.edu.pl\/en\/\"},{\"@type\":\"ListItem\",\"position\":2,\"name\":\"Mineralogical Museum\"}]},{\"@type\":\"WebSite\",\"@id\":\"https:\/\/ing.uwr.edu.pl\/#website\",\"url\":\"https:\/\/ing.uwr.edu.pl\/\",\"name\":\"Instytut Nauk Geologicznych\",\"description\":\"Kolejna witryna sieci \u201eUWR Witryny\u201d\",\"publisher\":{\"@id\":\"https:\/\/ing.uwr.edu.pl\/#organization\"},\"potentialAction\":[{\"@type\":\"SearchAction\",\"target\":{\"@type\":\"EntryPoint\",\"urlTemplate\":\"https:\/\/ing.uwr.edu.pl\/?s={search_term_string}\"},\"query-input\":{\"@type\":\"PropertyValueSpecification\",\"valueRequired\":true,\"valueName\":\"search_term_string\"}}],\"inLanguage\":\"en-US\"},{\"@type\":\"Organization\",\"@id\":\"https:\/\/ing.uwr.edu.pl\/#organization\",\"name\":\"Instytut Nauk Geologicznych\",\"url\":\"https:\/\/ing.uwr.edu.pl\/\",\"logo\":{\"@type\":\"ImageObject\",\"inLanguage\":\"en-US\",\"@id\":\"https:\/\/ing.uwr.edu.pl\/#\/schema\/logo\/image\/\",\"url\":\"https:\/\/ing.uwr.edu.pl\/wp-content\/uploads\/sites\/64\/2025\/10\/UWr-logotyp-2025.png\",\"contentUrl\":\"https:\/\/ing.uwr.edu.pl\/wp-content\/uploads\/sites\/64\/2025\/10\/UWr-logotyp-2025.png\",\"width\":764,\"height\":269,\"caption\":\"Instytut Nauk Geologicznych\"},\"image\":{\"@id\":\"https:\/\/ing.uwr.edu.pl\/#\/schema\/logo\/image\/\"}}]}<\/script>\n<!-- \/ Yoast SEO plugin. -->","yoast_head_json":{"title":"Mineralogical Museum -","description":"The establishment of a secular university in Wroc\u0142aw in 1811 marked the beginning of the Chair of Geognosy (as geology was called back then) and the Mineralogical Cabinet as its auxiliary workshop. Professor Karol von Raumer was appointed as the head of the Cabinet.","robots":{"index":"index","follow":"follow","max-snippet":"max-snippet:-1","max-image-preview":"max-image-preview:large","max-video-preview":"max-video-preview:-1"},"canonical":"https:\/\/ing.uwr.edu.pl\/en\/k-maslankiewicz-mineralogical-museum\/","og_locale":"en_US","og_type":"article","og_title":"Mineralogical Museum -","og_description":"The establishment of a secular university in Wroc\u0142aw in 1811 marked the beginning of the Chair of Geognosy (as geology was called back then) and the Mineralogical Cabinet as its auxiliary workshop. Professor Karol von Raumer was appointed as the head of the Cabinet.","og_url":"https:\/\/ing.uwr.edu.pl\/en\/k-maslankiewicz-mineralogical-museum\/","og_site_name":"Instytut Nauk Geologicznych","article_modified_time":"2024-12-10T15:03:46+00:00","og_image":[{"width":1600,"height":1600,"url":"https:\/\/ing.uwr.edu.pl\/wp-content\/uploads\/sites\/64\/2022\/08\/DSC_6168-2.jpg","type":"image\/jpeg"}],"twitter_card":"summary_large_image","twitter_misc":{"Est. reading time":"4 minutes"},"schema":{"@context":"https:\/\/schema.org","@graph":[{"@type":"WebPage","@id":"https:\/\/ing.uwr.edu.pl\/en\/k-maslankiewicz-mineralogical-museum\/","url":"https:\/\/ing.uwr.edu.pl\/en\/k-maslankiewicz-mineralogical-museum\/","name":"Mineralogical Museum -","isPartOf":{"@id":"https:\/\/ing.uwr.edu.pl\/#website"},"primaryImageOfPage":{"@id":"https:\/\/ing.uwr.edu.pl\/en\/k-maslankiewicz-mineralogical-museum\/#primaryimage"},"image":{"@id":"https:\/\/ing.uwr.edu.pl\/en\/k-maslankiewicz-mineralogical-museum\/#primaryimage"},"thumbnailUrl":"https:\/\/ing.uwr.edu.pl\/wp-content\/uploads\/sites\/64\/2022\/08\/DSC_6168-2-1024x1024.jpg","datePublished":"2022-08-09T09:00:55+00:00","dateModified":"2024-12-10T15:03:46+00:00","description":"The establishment of a secular university in Wroc\u0142aw in 1811 marked the beginning of the Chair of Geognosy (as geology was called back then) and the Mineralogical Cabinet as its auxiliary workshop. Professor Karol von Raumer was appointed as the head of the Cabinet.","breadcrumb":{"@id":"https:\/\/ing.uwr.edu.pl\/en\/k-maslankiewicz-mineralogical-museum\/#breadcrumb"},"inLanguage":"en-US","potentialAction":[{"@type":"ReadAction","target":["https:\/\/ing.uwr.edu.pl\/en\/k-maslankiewicz-mineralogical-museum\/"]}]},{"@type":"ImageObject","inLanguage":"en-US","@id":"https:\/\/ing.uwr.edu.pl\/en\/k-maslankiewicz-mineralogical-museum\/#primaryimage","url":"https:\/\/ing.uwr.edu.pl\/wp-content\/uploads\/sites\/64\/2022\/08\/DSC_6168-2-1024x1024.jpg","contentUrl":"https:\/\/ing.uwr.edu.pl\/wp-content\/uploads\/sites\/64\/2022\/08\/DSC_6168-2-1024x1024.jpg"},{"@type":"BreadcrumbList","@id":"https:\/\/ing.uwr.edu.pl\/en\/k-maslankiewicz-mineralogical-museum\/#breadcrumb","itemListElement":[{"@type":"ListItem","position":1,"name":"Strona g\u0142\u00f3wna","item":"https:\/\/ing.uwr.edu.pl\/en\/"},{"@type":"ListItem","position":2,"name":"Mineralogical Museum"}]},{"@type":"WebSite","@id":"https:\/\/ing.uwr.edu.pl\/#website","url":"https:\/\/ing.uwr.edu.pl\/","name":"Instytut Nauk Geologicznych","description":"Kolejna witryna sieci \u201eUWR Witryny\u201d","publisher":{"@id":"https:\/\/ing.uwr.edu.pl\/#organization"},"potentialAction":[{"@type":"SearchAction","target":{"@type":"EntryPoint","urlTemplate":"https:\/\/ing.uwr.edu.pl\/?s={search_term_string}"},"query-input":{"@type":"PropertyValueSpecification","valueRequired":true,"valueName":"search_term_string"}}],"inLanguage":"en-US"},{"@type":"Organization","@id":"https:\/\/ing.uwr.edu.pl\/#organization","name":"Instytut Nauk Geologicznych","url":"https:\/\/ing.uwr.edu.pl\/","logo":{"@type":"ImageObject","inLanguage":"en-US","@id":"https:\/\/ing.uwr.edu.pl\/#\/schema\/logo\/image\/","url":"https:\/\/ing.uwr.edu.pl\/wp-content\/uploads\/sites\/64\/2025\/10\/UWr-logotyp-2025.png","contentUrl":"https:\/\/ing.uwr.edu.pl\/wp-content\/uploads\/sites\/64\/2025\/10\/UWr-logotyp-2025.png","width":764,"height":269,"caption":"Instytut Nauk Geologicznych"},"image":{"@id":"https:\/\/ing.uwr.edu.pl\/#\/schema\/logo\/image\/"}}]}},"publishpress_future_action":{"enabled":false,"date":"2026-05-20 22:36:46","action":"change-status","newStatus":"draft","terms":[],"taxonomy":"category","extraData":[]},"publishpress_future_workflow_manual_trigger":{"enabledWorkflows":[]},"_links":{"self":[{"href":"https:\/\/ing.uwr.edu.pl\/en\/wp-json\/wp\/v2\/pages\/33528\/"}],"collection":[{"href":"https:\/\/ing.uwr.edu.pl\/en\/wp-json\/wp\/v2\/pages\/"}],"about":[{"href":"https:\/\/ing.uwr.edu.pl\/en\/wp-json\/wp\/v2\/types\/page\/"}],"author":[{"embeddable":true,"href":"https:\/\/ing.uwr.edu.pl\/en\/wp-json\/wp\/v2\/users\/304\/"}],"replies":[{"embeddable":true,"href":"https:\/\/ing.uwr.edu.pl\/en\/wp-json\/wp\/v2\/comments\/?post=33528"}],"version-history":[{"count":7,"href":"https:\/\/ing.uwr.edu.pl\/en\/wp-json\/wp\/v2\/pages\/33528\/revisions\/"}],"predecessor-version":[{"id":45185,"href":"https:\/\/ing.uwr.edu.pl\/en\/wp-json\/wp\/v2\/pages\/33528\/revisions\/45185\/"}],"wp:attachment":[{"href":"https:\/\/ing.uwr.edu.pl\/en\/wp-json\/wp\/v2\/media\/?parent=33528"}],"wp:term":[{"taxonomy":"category","embeddable":true,"href":"https:\/\/ing.uwr.edu.pl\/en\/wp-json\/wp\/v2\/categories\/?post=33528"},{"taxonomy":"post_tag","embeddable":true,"href":"https:\/\/ing.uwr.edu.pl\/en\/wp-json\/wp\/v2\/tags\/?post=33528"}],"curies":[{"name":"wp","href":"https:\/\/api.w.org\/{rel}","templated":true}]}}